{"id":1431,"date":"2023-03-17T20:11:51","date_gmt":"2023-03-17T19:11:51","guid":{"rendered":"https:\/\/growplanet.se\/?page_id=1431"},"modified":"2023-10-18T18:57:00","modified_gmt":"2023-10-18T16:57:00","slug":"contact-sales","status":"publish","type":"page","link":"https:\/\/growplanet.se\/en\/contact-sales\/","title":{"rendered":"Contact us"},"content":{"rendered":"<div data-elementor-type=\"wp-page\" data-elementor-id=\"1431\" class=\"elementor elementor-1431\">\n\t\t\t\t\t\t\t<div class=\"elementor-element elementor-element-6b8c9fc e-flex e-con-boxed e-con e-parent\" data-id=\"6b8c9fc\" data-element_type=\"container\" data-settings=\"{&quot;content_width&quot;:&quot;boxed&quot;}\" data-core-v316-plus=\"true\">\n\t\t\t\t\t<div class=\"e-con-inner\">\n\t\t\t\t<div class=\"elementor-element elementor-element-6e83013 elementor-widget elementor-widget-heading\" data-id=\"6e83013\" data-element_type=\"widget\" data-widget_type=\"heading.default\">\n\t\t\t\t<div class=\"elementor-widget-container\">\n\t\t\t<h1 class=\"elementor-heading-title elementor-size-xxl\">Contact Our Sales\u200b<\/h1>\t\t<\/div>\n\t\t\t\t<\/div>\n\t\t\t\t<div class=\"elementor-element elementor-element-177a9ce elementor-widget elementor-widget-text-editor\" data-id=\"177a9ce\" data-element_type=\"widget\" data-widget_type=\"text-editor.default\">\n\t\t\t\t<div class=\"elementor-widget-container\">\n\t\t\t\t\t\t\t<p>Let us help you make the most of Grow Planet. Fill out the form below and our sales team will assist you in choosing the best plan for your needs. Thank you for considering Grow Planet.<\/p>\t\t\t\t\t\t<\/div>\n\t\t\t\t<\/div>\n\t\t\t\t\t<\/div>\n\t\t\t\t<\/div>\n\t\t<div class=\"elementor-element elementor-element-75b72bd e-flex e-con-boxed e-con e-parent\" data-id=\"75b72bd\" data-element_type=\"container\" data-settings=\"{&quot;content_width&quot;:&quot;boxed&quot;}\" data-core-v316-plus=\"true\">\n\t\t\t\t\t<div class=\"e-con-inner\">\n\t\t\t\t<div class=\"elementor-element elementor-element-6054058 elementor-widget__width-inherit elementor-widget elementor-widget-shortcode\" data-id=\"6054058\" data-element_type=\"widget\" data-no-translation=\"\" data-widget_type=\"shortcode.default\">\n\t\t\t\t<div class=\"elementor-widget-container\">\n\t\t\t\t\t<div class=\"elementor-shortcode\"><form method=\"post\" id=\"cntctfrm_contact_form\" class=\"cntctfrm_contact_form cntctfrm_one_column cntctfrm_ltr cntctfrm_width_default\" action=\"\/en\/wp-json\/wp\/v2\/pages\/1431#cntctfrm_contact_form\" enctype=\"multipart\/form-data\" data-trp-original-action=\"\/en\/wp-json\/wp\/v2\/pages\/1431#cntctfrm_contact_form\"><div id=\"cntctfrm_first_column\" class=\"cntctfrm_column\"><div class=\"cntctfrm_field_wrap cntctfrm_field_name_wrap\"namecontact><div class=\"cntctfrm_label cntctfrm_label_name\">\n\t\t\t\t\t\t\t\t\t\t<label for=\"cntctfrm_contact_name\">Name: <span class=\"required\">*<\/span><\/label><\/div><div class=\"cntctfrm_input cntctfrm_input_name\">\n\t\t\t\t\t\t\t\t\t\t<input namecontact class=\"text\" type=\"text\" size=\"40\" pattern=\"^[\\p{L}\\p{M}]{3,}(\\s\\p{M}*\\p{L}+)*\" title=\"Please enter only letters at least 3 characters, words seperated by spaces\" value=\"\" name=\"cntctfrm_contact_name\" id=\"cntctfrm_contact_name\" \/><\/div><\/div><div class=\"cntctfrm_field_wrap cntctfrm_field_email_wrap\"email><div class=\"cntctfrm_label cntctfrm_label_email\">\n\t\t\t\t\t\t\t\t\t\t<label for=\"cntctfrm_contact_email\">Email address: <span class=\"required\">*<\/span><\/label>\n\t\t\t\t\t\t\t\t\t<\/div><div class=\"cntctfrm_input cntctfrm_input_email\">\n\t\t\t\t\t\t\t\t\t\t<input email class=\"text\" type=\"email\" size=\"40\" value=\"\" name=\"cntctfrm_contact_email\" id=\"cntctfrm_contact_email\" \/><\/div><\/div><div class=\"cntctfrm_field_wrap cntctfrm_field_subject_wrap\"subject><div class=\"cntctfrm_label cntctfrm_label_subject\">\n\t\t\t\t\t\t\t\t\t\t<label for=\"cntctfrm_contact_subject\">Subject:<\/label>\n\t\t\t\t\t\t\t\t\t<\/div><div class=\"cntctfrm_input cntctfrm_input_subject\">\n\t\t\t\t\t\t\t\t\t<input subject pattern=\"^[\\p{M}\\p{L}]{3,}(\\s\\p{M}*\\p{L}+)*\" title=\"Please enter only letters at least 3 characters, words seperated by spaces\" class=\"text\" type=\"text\" size=\"40\" value=\"\" name=\"cntctfrm_contact_subject\" id=\"cntctfrm_contact_subject\" \/><\/div><\/div><div class=\"cntctfrm_field_wrap cntctfrm_field_message_wrap\"message><div class=\"cntctfrm_label cntctfrm_label_message\">\n\t\t\t\t\t\t\t\t\t<label for=\"cntctfrm_contact_message\">Message: <span class=\"required\">*<\/span><\/label>\n\t\t\t\t\t\t\t\t<\/div><div class=\"cntctfrm_input cntctfrm_input_message\">\n\t\t\t\t\t\t\t\t\t<textarea message rows=\"5\" cols=\"30\" name=\"cntctfrm_contact_message\" id=\"cntctfrm_contact_message\"><\/textarea><\/div><\/div><\/div><div class=\"clear\"><\/div><div class=\"cntctfrm_submit_wrap\"><div id=\"cntctfrm_submit_first_column\" class=\"cntctfrm_column\"><div class=\"cntctfrm_input cntctfrm_input_submit\"><input type=\"hidden\" value=\"send\" name=\"cntctfrm_contact_action\">\n\t\t\t\t\t\t\t<input type=\"hidden\" value=\"default\" name=\"cntctfrm_language\">\n\t\t\t\t\t\t\t<input type=\"hidden\" value=\"1\" name=\"cntctfrm_form_submited\">\n\t\t\t\t\t\t\t<input type=\"hidden\" value=\"cntctfrm_options\" name=\"cntctfrm_options_name\">\n\t\t\t\t\t\t\t<input type=\"submit\" value=\"Submit\" class=\"cntctfrm_contact_submit\" \/>\n\t\t\t\t\t\t<\/div><\/div><div id=\"cntctfrm_submit_second_column\" class=\"cntctfrm_column\"><\/div><div class=\"clear\"><\/div>\n\t\t\t<\/div>\n\t\t\t<input type=\"hidden\" name=\"trp-form-language\" value=\"en\"\/><\/form>\u200b<\/div>\n\t\t\t\t<\/div>\n\t\t\t\t<\/div>\n\t\t\t\t<div class=\"elementor-element elementor-element-ba1f0ab elementor-widget__width-inherit elementor-widget elementor-widget-shortcode\" data-id=\"ba1f0ab\" data-element_type=\"widget\" data-no-translation=\"\" data-widget_type=\"shortcode.default\">\n\t\t\t\t<div class=\"elementor-widget-container\">\n\t\t\t<style>.elementor-element-ba1f0ab{display:none !important}<\/style>\t\t<\/div>\n\t\t\t\t<\/div>\n\t\t\t\t<div class=\"elementor-element elementor-element-32b269a elementor-widget__width-inherit elementor-widget elementor-widget-google_maps\" data-id=\"32b269a\" data-element_type=\"widget\" data-widget_type=\"google_maps.default\">\n\t\t\t\t<div class=\"elementor-widget-container\">\n\t\t\t\t\t<div class=\"elementor-custom-embed\">\n\t\t\t<iframe loading=\"lazy\"\n\t\t\t\t\tsrc=\"https:\/\/maps.google.com\/maps?q=groplay&#038;t=m&#038;z=15&#038;output=embed&#038;iwloc=near\"\n\t\t\t\t\ttitle=\"groplay\"\n\t\t\t\t\taria-label=\"groplay\"\n\t\t\t><\/iframe>\n\t\t<\/div>\n\t\t\t\t<\/div>\n\t\t\t\t<\/div>\n\t\t\t\t\t<\/div>\n\t\t\t\t<\/div>\n\t\t\t\t\t\t\t<\/div>","protected":false},"excerpt":{"rendered":"<p>Kontakta v\u00e5r f\u00f6rs\u00e4ljning L\u00e5t oss hj\u00e4lpa dig att f\u00e5 ut det mesta av Grow Planet. Fyll i formul\u00e4ret nedan s\u00e5 hj\u00e4lper v\u00e5rt s\u00e4ljteam dig att v\u00e4lja den b\u00e4sta planen f\u00f6r dina behov. Tack f\u00f6r att du \u00f6verv\u00e4ger Grow Planet. \u200b<\/p>","protected":false},"author":6,"featured_media":0,"parent":0,"menu_order":0,"comment_status":"closed","ping_status":"closed","template":"elementor_header_footer","meta":{"neve_meta_sidebar":"","neve_meta_container":"","neve_meta_enable_content_width":"","neve_meta_content_width":0,"neve_meta_title_alignment":"","neve_meta_author_avatar":"","neve_post_elements_order":"","neve_meta_disable_header":"","neve_meta_disable_footer":"","neve_meta_disable_title":"","footnotes":""},"yoast_head":"<!-- This site is optimized with the Yoast SEO plugin v21.5 - https:\/\/yoast.com\/wordpress\/plugins\/seo\/ -->\n<title>Contact Us | Grow Planet<\/title>\n<meta name=\"robots\" content=\"index, follow, max-snippet:-1, max-image-preview:large, max-video-preview:-1\" \/>\n<link rel=\"canonical\" href=\"https:\/\/growplanet.se\/en\/contact-sales\/\" \/>\n<meta property=\"og:locale\" content=\"en_GB\" \/>\n<meta property=\"og:type\" content=\"article\" \/>\n<meta property=\"og:title\" content=\"Kontakta oss | Grow Planet\" \/>\n<meta property=\"og:description\" content=\"Kontakta v\u00e5r f\u00f6rs\u00e4ljning L\u00e5t oss hj\u00e4lpa dig att f\u00e5 ut det mesta av Grow Planet. Fyll i formul\u00e4ret nedan s\u00e5 hj\u00e4lper v\u00e5rt s\u00e4ljteam dig att v\u00e4lja den b\u00e4sta planen f\u00f6r dina behov. Tack f\u00f6r att du \u00f6verv\u00e4ger Grow Planet. \u200b\" \/>\n<meta property=\"og:url\" content=\"https:\/\/growplanet.se\/en\/contact-sales\/\" \/>\n<meta property=\"og:site_name\" content=\"Grow Planet\" \/>\n<meta property=\"article:publisher\" content=\"https:\/\/www.facebook.com\/GrowPlanetEducation\" \/>\n<meta property=\"article:modified_time\" content=\"2023-10-18T16:57:00+00:00\" \/>\n<meta property=\"og:image\" content=\"https:\/\/growplanet.se\/wp-content\/uploads\/2023\/01\/growplanet_logo_2rows_centered_shadow.png\" \/>\n\t<meta property=\"og:image:width\" content=\"200\" \/>\n\t<meta property=\"og:image:height\" content=\"96\" \/>\n\t<meta property=\"og:image:type\" content=\"image\/png\" \/>\n<meta name=\"twitter:card\" content=\"summary_large_image\" \/>\n<meta name=\"twitter:site\" content=\"@GrowPlanetEdu\" \/>\n<meta name=\"twitter:label1\" content=\"Estimated reading time\" \/>\n\t<meta name=\"twitter:data1\" content=\"1 minute\" \/>\n<script type=\"application\/ld+json\" class=\"yoast-schema-graph\">{\"@context\":\"https:\/\/schema.org\",\"@graph\":[{\"@type\":\"WebPage\",\"@id\":\"https:\/\/growplanet.se\/contact-sales\/\",\"url\":\"https:\/\/growplanet.se\/contact-sales\/\",\"name\":\"Kontakta oss | Grow Planet\",\"isPartOf\":{\"@id\":\"https:\/\/growplanet.se\/#website\"},\"datePublished\":\"2023-03-17T19:11:51+00:00\",\"dateModified\":\"2023-10-18T16:57:00+00:00\",\"breadcrumb\":{\"@id\":\"https:\/\/growplanet.se\/contact-sales\/#breadcrumb\"},\"inLanguage\":\"en-GB\",\"potentialAction\":[{\"@type\":\"ReadAction\",\"target\":[\"https:\/\/growplanet.se\/contact-sales\/\"]}]},{\"@type\":\"BreadcrumbList\",\"@id\":\"https:\/\/growplanet.se\/contact-sales\/#breadcrumb\",\"itemListElement\":[{\"@type\":\"ListItem\",\"position\":1,\"name\":\"Home\",\"item\":\"https:\/\/growplanet.se\/sv\/\"},{\"@type\":\"ListItem\",\"position\":2,\"name\":\"Kontakta oss\"}]},{\"@type\":\"WebSite\",\"@id\":\"https:\/\/growplanet.se\/#website\",\"url\":\"https:\/\/growplanet.se\/\",\"name\":\"Grow Planet\",\"description\":\"\",\"publisher\":{\"@id\":\"https:\/\/growplanet.se\/#organization\"},\"potentialAction\":[{\"@type\":\"SearchAction\",\"target\":{\"@type\":\"EntryPoint\",\"urlTemplate\":\"https:\/\/growplanet.se\/?s={search_term_string}\"},\"query-input\":\"required name=search_term_string\"}],\"inLanguage\":\"en-GB\"},{\"@type\":\"Organization\",\"@id\":\"https:\/\/growplanet.se\/#organization\",\"name\":\"Gro Play\",\"url\":\"https:\/\/growplanet.se\/\",\"logo\":{\"@type\":\"ImageObject\",\"inLanguage\":\"en-GB\",\"@id\":\"https:\/\/growplanet.se\/#\/schema\/logo\/image\/\",\"url\":\"https:\/\/growplanet.se\/wp-content\/uploads\/2020\/08\/growplanet_logo_square.png\",\"contentUrl\":\"https:\/\/growplanet.se\/wp-content\/uploads\/2020\/08\/growplanet_logo_square.png\",\"width\":250,\"height\":250,\"caption\":\"Gro Play\"},\"image\":{\"@id\":\"https:\/\/growplanet.se\/#\/schema\/logo\/image\/\"},\"sameAs\":[\"https:\/\/www.facebook.com\/GrowPlanetEducation\",\"https:\/\/twitter.com\/GrowPlanetEdu\"]}]}<\/script>\n<!-- \/ Yoast SEO plugin. -->","yoast_head_json":{"title":"Contact Us | Grow Planet","robots":{"index":"index","follow":"follow","max-snippet":"max-snippet:-1","max-image-preview":"max-image-preview:large","max-video-preview":"max-video-preview:-1"},"canonical":"https:\/\/growplanet.se\/en\/contact-sales\/","og_locale":"en_GB","og_type":"article","og_title":"Kontakta oss | Grow Planet","og_description":"Kontakta v\u00e5r f\u00f6rs\u00e4ljning L\u00e5t oss hj\u00e4lpa dig att f\u00e5 ut det mesta av Grow Planet. Fyll i formul\u00e4ret nedan s\u00e5 hj\u00e4lper v\u00e5rt s\u00e4ljteam dig att v\u00e4lja den b\u00e4sta planen f\u00f6r dina behov. Tack f\u00f6r att du \u00f6verv\u00e4ger Grow Planet. \u200b","og_url":"https:\/\/growplanet.se\/en\/contact-sales\/","og_site_name":"Grow Planet","article_publisher":"https:\/\/www.facebook.com\/GrowPlanetEducation","article_modified_time":"2023-10-18T16:57:00+00:00","og_image":[{"width":200,"height":96,"url":"https:\/\/growplanet.se\/wp-content\/uploads\/2023\/01\/growplanet_logo_2rows_centered_shadow.png","type":"image\/png"}],"twitter_card":"summary_large_image","twitter_site":"@GrowPlanetEdu","twitter_misc":{"Estimated reading time":"1 minute"},"schema":{"@context":"https:\/\/schema.org","@graph":[{"@type":"WebPage","@id":"https:\/\/growplanet.se\/contact-sales\/","url":"https:\/\/growplanet.se\/contact-sales\/","name":"Kontakta oss | Grow Planet","isPartOf":{"@id":"https:\/\/growplanet.se\/#website"},"datePublished":"2023-03-17T19:11:51+00:00","dateModified":"2023-10-18T16:57:00+00:00","breadcrumb":{"@id":"https:\/\/growplanet.se\/contact-sales\/#breadcrumb"},"inLanguage":"en-GB","potentialAction":[{"@type":"ReadAction","target":["https:\/\/growplanet.se\/contact-sales\/"]}]},{"@type":"BreadcrumbList","@id":"https:\/\/growplanet.se\/contact-sales\/#breadcrumb","itemListElement":[{"@type":"ListItem","position":1,"name":"Home","item":"https:\/\/growplanet.se\/sv\/"},{"@type":"ListItem","position":2,"name":"Kontakta oss"}]},{"@type":"WebSite","@id":"https:\/\/growplanet.se\/#website","url":"https:\/\/growplanet.se\/","name":"Grow Planet","description":"","publisher":{"@id":"https:\/\/growplanet.se\/#organization"},"potentialAction":[{"@type":"SearchAction","target":{"@type":"EntryPoint","urlTemplate":"https:\/\/growplanet.se\/?s={search_term_string}"},"query-input":"required name=search_term_string"}],"inLanguage":"en-GB"},{"@type":"Organization","@id":"https:\/\/growplanet.se\/#organization","name":"Gro Play","url":"https:\/\/growplanet.se\/","logo":{"@type":"ImageObject","inLanguage":"en-GB","@id":"https:\/\/growplanet.se\/#\/schema\/logo\/image\/","url":"https:\/\/growplanet.se\/wp-content\/uploads\/2020\/08\/growplanet_logo_square.png","contentUrl":"https:\/\/growplanet.se\/wp-content\/uploads\/2020\/08\/growplanet_logo_square.png","width":250,"height":250,"caption":"Gro Play"},"image":{"@id":"https:\/\/growplanet.se\/#\/schema\/logo\/image\/"},"sameAs":["https:\/\/www.facebook.com\/GrowPlanetEducation","https:\/\/twitter.com\/GrowPlanetEdu"]}]}},"_links":{"self":[{"href":"https:\/\/growplanet.se\/en\/wp-json\/wp\/v2\/pages\/1431"}],"collection":[{"href":"https:\/\/growplanet.se\/en\/wp-json\/wp\/v2\/pages"}],"about":[{"href":"https:\/\/growplanet.se\/en\/wp-json\/wp\/v2\/types\/page"}],"author":[{"embeddable":true,"href":"https:\/\/growplanet.se\/en\/wp-json\/wp\/v2\/users\/6"}],"replies":[{"embeddable":true,"href":"https:\/\/growplanet.se\/en\/wp-json\/wp\/v2\/comments?post=1431"}],"version-history":[{"count":100,"href":"https:\/\/growplanet.se\/en\/wp-json\/wp\/v2\/pages\/1431\/revisions"}],"predecessor-version":[{"id":3241,"href":"https:\/\/growplanet.se\/en\/wp-json\/wp\/v2\/pages\/1431\/revisions\/3241"}],"wp:attachment":[{"href":"https:\/\/growplanet.se\/en\/wp-json\/wp\/v2\/media?parent=1431"}],"curies":[{"name":"wp","href":"https:\/\/api.w.org\/{rel}","templated":true}]}}