{"id":1728,"date":"2023-03-31T15:04:58","date_gmt":"2023-03-31T13:04:58","guid":{"rendered":"https:\/\/growplanet.se\/?page_id=1728"},"modified":"2023-10-18T18:57:37","modified_gmt":"2023-10-18T16:57:37","slug":"news","status":"publish","type":"page","link":"https:\/\/growplanet.se\/en\/news\/","title":{"rendered":"Nyheter"},"content":{"rendered":"<div data-elementor-type=\"wp-page\" data-elementor-id=\"1728\" class=\"elementor elementor-1728\">\n\t\t\t\t\t\t\t<div class=\"elementor-element elementor-element-00e1a99 e-flex e-con-boxed e-con e-parent\" data-id=\"00e1a99\" data-element_type=\"container\" data-settings=\"{&quot;content_width&quot;:&quot;boxed&quot;}\" data-no-translation=\"\" data-core-v316-plus=\"true\">\n\t\t\t\t\t<div class=\"e-con-inner\">\n\t\t<div class=\"elementor-element elementor-element-83e7863 e-con-full e-flex e-con e-child\" data-id=\"83e7863\" data-element_type=\"container\" data-settings=\"{&quot;content_width&quot;:&quot;full&quot;}\">\n\t\t\t\t<div class=\"elementor-element elementor-element-2629caa elementor-widget elementor-widget-heading\" data-id=\"2629caa\" data-element_type=\"widget\" data-widget_type=\"heading.default\">\n\t\t\t\t<div class=\"elementor-widget-container\">\n\t\t\t<h6 class=\"elementor-heading-title elementor-size-default\">2022-12-14<\/h6>\t\t<\/div>\n\t\t\t\t<\/div>\n\t\t\t\t<div class=\"elementor-element elementor-element-8b62ce7 elementor-widget elementor-widget-heading\" data-id=\"8b62ce7\" data-element_type=\"widget\" data-widget_type=\"heading.default\">\n\t\t\t\t<div class=\"elementor-widget-container\">\n\t\t\t<h2 class=\"elementor-heading-title elementor-size-default\">New features for easier management of classes!<\/h2>\t\t<\/div>\n\t\t\t\t<\/div>\n\t\t\t\t<div class=\"elementor-element elementor-element-c05a2fc elementor-widget elementor-widget-text-editor\" data-id=\"c05a2fc\" data-element_type=\"widget\" data-widget_type=\"text-editor.default\">\n\t\t\t\t<div class=\"elementor-widget-container\">\n\t\t\t\t\t\t\t<p><b>School administration<br \/><\/b><span style=\"font-weight: 400;\">Selected members can now be made administrators for their schools. School administrators can add and remove classes, teachers, and other administrators. You will automatically become an administrator for schools that you create yourself. Please, contact us if you are not an administrator of your school, but think you should be.<\/span><\/p><p><b>Notifications<br \/><\/b><span style=\"font-weight: 400;\">There is now a notification function in our LMS. The bell icon in the top right corner of the page turns red when there is something you should act on. For example, licenses expiring, teachers applying to join one of your classes, and classes being added to a school where you are an administrator. Click on the bell to see your notifications and take the necessary actions.<\/span><span style=\"font-weight: 400;\">These new features make managing your classes and schools more efficient. We hope they will add value. If you have any questions or feedback, feel free to <\/span><a href=\"mailto:info@groplay.com\"><span style=\"font-weight: 400;\">contact us<\/span><\/a><span style=\"font-weight: 400;\">.<\/span><\/p>\t\t\t\t\t\t<\/div>\n\t\t\t\t<\/div>\n\t\t\t\t<\/div>\n\t\t<div class=\"elementor-element elementor-element-25c6576 e-con-full e-flex e-con e-child\" data-id=\"25c6576\" data-element_type=\"container\" data-settings=\"{&quot;content_width&quot;:&quot;full&quot;}\">\n\t\t\t\t<div class=\"elementor-element elementor-element-050545d elementor-widget elementor-widget-heading\" data-id=\"050545d\" data-element_type=\"widget\" data-widget_type=\"heading.default\">\n\t\t\t\t<div class=\"elementor-widget-container\">\n\t\t\t<h6 class=\"elementor-heading-title elementor-size-default\">2022-09-29<\/h6>\t\t<\/div>\n\t\t\t\t<\/div>\n\t\t\t\t<div class=\"elementor-element elementor-element-32af743 elementor-widget elementor-widget-heading\" data-id=\"32af743\" data-element_type=\"widget\" data-widget_type=\"heading.default\">\n\t\t\t\t<div class=\"elementor-widget-container\">\n\t\t\t<h2 class=\"elementor-heading-title elementor-size-default\">New feature for easier assessment of performance!<\/h2>\t\t<\/div>\n\t\t\t\t<\/div>\n\t\t\t\t<div class=\"elementor-element elementor-element-1afe449 elementor-widget elementor-widget-text-editor\" data-id=\"1afe449\" data-element_type=\"widget\" data-widget_type=\"text-editor.default\">\n\t\t\t\t<div class=\"elementor-widget-container\">\n\t\t\t\t\t\t\t<p><span style=\"font-weight: 400;\">We have added a new feature to our Learning Management System (LMS) that allows teachers to view exam questions and answers. This update will make it easier for educators to review and analyze the results of their students&#8217; assessments.<\/span><\/p><p><span style=\"font-weight: 400;\">To access this feature, navigate to the sidebar and click on the &#8221;About&#8221; tab of the exam you wish to review. Once there, you can view all the questions with their correct answers. This new functionality will provide teachers with a valuable resource to identify areas where learners may need extra help and support.<\/span><\/p><p><span style=\"font-weight: 400;\">We encourage our users to try out this new functionality and provide us with any feedback you may have so we can get better.<\/span><\/p>\t\t\t\t\t\t<\/div>\n\t\t\t\t<\/div>\n\t\t\t\t<\/div>\n\t\t<div class=\"elementor-element elementor-element-989b3ef e-con-full e-flex e-con e-child\" data-id=\"989b3ef\" data-element_type=\"container\" data-settings=\"{&quot;content_width&quot;:&quot;full&quot;}\">\n\t\t\t\t<div class=\"elementor-element elementor-element-6c861d7 elementor-widget elementor-widget-heading\" data-id=\"6c861d7\" data-element_type=\"widget\" data-widget_type=\"heading.default\">\n\t\t\t\t<div class=\"elementor-widget-container\">\n\t\t\t<h6 class=\"elementor-heading-title elementor-size-default\">2021-06-22 <\/h6>\t\t<\/div>\n\t\t\t\t<\/div>\n\t\t\t\t<div class=\"elementor-element elementor-element-5079de1 elementor-widget elementor-widget-heading\" data-id=\"5079de1\" data-element_type=\"widget\" data-widget_type=\"heading.default\">\n\t\t\t\t<div class=\"elementor-widget-container\">\n\t\t\t<h2 class=\"elementor-heading-title elementor-size-default\">Big update - A brand new physics training room!<\/h2>\t\t<\/div>\n\t\t\t\t<\/div>\n\t\t\t\t<div class=\"elementor-element elementor-element-a50a9a9 elementor-widget elementor-widget-text-editor\" data-id=\"a50a9a9\" data-element_type=\"widget\" data-widget_type=\"text-editor.default\">\n\t\t\t\t<div class=\"elementor-widget-container\">\n\t\t\t\t\t\t\t<p><span style=\"font-weight: 400;\">The new training room allows learners to solve physics puzzles and create challenges to share with classmates. The training room contains a wide range of challenging yet fun puzzles. They boost learners&#8217; problem-solving skills and give them a deeper understanding of the subject.\u00a0<\/span><\/p><p><span style=\"font-weight: 400;\">The new practice area is a step forward in the ongoing effort to make learning more engaging and interactive for students. Stay tuned for more updates!<\/span><\/p>\t\t\t\t\t\t<\/div>\n\t\t\t\t<\/div>\n\t\t\t\t<\/div>\n\t\t\t\t\t<\/div>\n\t\t\t\t<\/div>\n\t\t\t\t\t\t\t<\/div>","protected":false},"excerpt":{"rendered":"<p>2022-12-14 Nya funktioner f\u00f6r enklare hantering av klasser! Vi har precis lanserat tv\u00e5 nya funktioner som v\u00e5ra anv\u00e4ndare har efterfr\u00e5gat. De kommer att g\u00f6ra det enklare f\u00f6r l\u00e4rare och skolor att hantera sina klasser. Skoladministration Valda medlemmar kan nu g\u00f6ras till administrat\u00f6rer f\u00f6r sina skolor. Skoladministrat\u00f6rer kan l\u00e4gga till och ta bort klasser, l\u00e4rare och&hellip;&nbsp;<a href=\"https:\/\/growplanet.se\/en\/news\/\" class=\"\" rel=\"bookmark\">Read More &raquo;<span class=\"screen-reader-text\">Nyheter<\/span><\/a><\/p>","protected":false},"author":6,"featured_media":0,"parent":0,"menu_order":0,"comment_status":"closed","ping_status":"closed","template":"elementor_header_footer","meta":{"neve_meta_sidebar":"full-width","neve_meta_container":"","neve_meta_enable_content_width":"on","neve_meta_content_width":100,"neve_meta_title_alignment":"","neve_meta_author_avatar":"","neve_post_elements_order":"","neve_meta_disable_header":"","neve_meta_disable_footer":"","neve_meta_disable_title":"","footnotes":""},"yoast_head":"<!-- This site is optimized with the Yoast SEO plugin v21.5 - https:\/\/yoast.com\/wordpress\/plugins\/seo\/ -->\n<title>News | Grow Planet<\/title>\n<meta name=\"robots\" content=\"index, follow, max-snippet:-1, max-image-preview:large, max-video-preview:-1\" \/>\n<link rel=\"canonical\" href=\"https:\/\/growplanet.se\/en\/news\/\" \/>\n<meta property=\"og:locale\" content=\"en_GB\" \/>\n<meta property=\"og:type\" content=\"article\" \/>\n<meta property=\"og:title\" content=\"Nyheter | Grow Planet\" \/>\n<meta property=\"og:description\" content=\"2022-12-14 Nya funktioner f\u00f6r enklare hantering av klasser! Vi har precis lanserat tv\u00e5 nya funktioner som v\u00e5ra anv\u00e4ndare har efterfr\u00e5gat. De kommer att g\u00f6ra det enklare f\u00f6r l\u00e4rare och skolor att hantera sina klasser. Skoladministration Valda medlemmar kan nu g\u00f6ras till administrat\u00f6rer f\u00f6r sina skolor. Skoladministrat\u00f6rer kan l\u00e4gga till och ta bort klasser, l\u00e4rare och&hellip;&nbsp;Read More &raquo;Nyheter\" \/>\n<meta property=\"og:url\" content=\"https:\/\/growplanet.se\/en\/news\/\" \/>\n<meta property=\"og:site_name\" content=\"Grow Planet\" \/>\n<meta property=\"article:publisher\" content=\"https:\/\/www.facebook.com\/GrowPlanetEducation\" \/>\n<meta property=\"article:modified_time\" content=\"2023-10-18T16:57:37+00:00\" \/>\n<meta property=\"og:image\" content=\"https:\/\/growplanet.se\/wp-content\/uploads\/2023\/01\/growplanet_logo_2rows_centered_shadow.png\" \/>\n\t<meta property=\"og:image:width\" content=\"200\" \/>\n\t<meta property=\"og:image:height\" content=\"96\" \/>\n\t<meta property=\"og:image:type\" content=\"image\/png\" \/>\n<meta name=\"twitter:card\" content=\"summary_large_image\" \/>\n<meta name=\"twitter:site\" content=\"@GrowPlanetEdu\" \/>\n<meta name=\"twitter:label1\" content=\"Estimated reading time\" \/>\n\t<meta name=\"twitter:data1\" content=\"4 minutes\" \/>\n<script type=\"application\/ld+json\" class=\"yoast-schema-graph\">{\"@context\":\"https:\/\/schema.org\",\"@graph\":[{\"@type\":\"WebPage\",\"@id\":\"https:\/\/growplanet.se\/news\/\",\"url\":\"https:\/\/growplanet.se\/news\/\",\"name\":\"Nyheter | Grow Planet\",\"isPartOf\":{\"@id\":\"https:\/\/growplanet.se\/#website\"},\"datePublished\":\"2023-03-31T13:04:58+00:00\",\"dateModified\":\"2023-10-18T16:57:37+00:00\",\"breadcrumb\":{\"@id\":\"https:\/\/growplanet.se\/news\/#breadcrumb\"},\"inLanguage\":\"en-GB\",\"potentialAction\":[{\"@type\":\"ReadAction\",\"target\":[\"https:\/\/growplanet.se\/news\/\"]}]},{\"@type\":\"BreadcrumbList\",\"@id\":\"https:\/\/growplanet.se\/news\/#breadcrumb\",\"itemListElement\":[{\"@type\":\"ListItem\",\"position\":1,\"name\":\"Home\",\"item\":\"https:\/\/growplanet.se\/sv\/\"},{\"@type\":\"ListItem\",\"position\":2,\"name\":\"Nyheter\"}]},{\"@type\":\"WebSite\",\"@id\":\"https:\/\/growplanet.se\/#website\",\"url\":\"https:\/\/growplanet.se\/\",\"name\":\"Grow Planet\",\"description\":\"\",\"publisher\":{\"@id\":\"https:\/\/growplanet.se\/#organization\"},\"potentialAction\":[{\"@type\":\"SearchAction\",\"target\":{\"@type\":\"EntryPoint\",\"urlTemplate\":\"https:\/\/growplanet.se\/?s={search_term_string}\"},\"query-input\":\"required name=search_term_string\"}],\"inLanguage\":\"en-GB\"},{\"@type\":\"Organization\",\"@id\":\"https:\/\/growplanet.se\/#organization\",\"name\":\"Gro Play\",\"url\":\"https:\/\/growplanet.se\/\",\"logo\":{\"@type\":\"ImageObject\",\"inLanguage\":\"en-GB\",\"@id\":\"https:\/\/growplanet.se\/#\/schema\/logo\/image\/\",\"url\":\"https:\/\/growplanet.se\/wp-content\/uploads\/2020\/08\/growplanet_logo_square.png\",\"contentUrl\":\"https:\/\/growplanet.se\/wp-content\/uploads\/2020\/08\/growplanet_logo_square.png\",\"width\":250,\"height\":250,\"caption\":\"Gro Play\"},\"image\":{\"@id\":\"https:\/\/growplanet.se\/#\/schema\/logo\/image\/\"},\"sameAs\":[\"https:\/\/www.facebook.com\/GrowPlanetEducation\",\"https:\/\/twitter.com\/GrowPlanetEdu\"]}]}<\/script>\n<!-- \/ Yoast SEO plugin. -->","yoast_head_json":{"title":"News | Grow Planet","robots":{"index":"index","follow":"follow","max-snippet":"max-snippet:-1","max-image-preview":"max-image-preview:large","max-video-preview":"max-video-preview:-1"},"canonical":"https:\/\/growplanet.se\/en\/news\/","og_locale":"en_GB","og_type":"article","og_title":"Nyheter | Grow Planet","og_description":"2022-12-14 Nya funktioner f\u00f6r enklare hantering av klasser! Vi har precis lanserat tv\u00e5 nya funktioner som v\u00e5ra anv\u00e4ndare har efterfr\u00e5gat. De kommer att g\u00f6ra det enklare f\u00f6r l\u00e4rare och skolor att hantera sina klasser. Skoladministration Valda medlemmar kan nu g\u00f6ras till administrat\u00f6rer f\u00f6r sina skolor. Skoladministrat\u00f6rer kan l\u00e4gga till och ta bort klasser, l\u00e4rare och&hellip;&nbsp;Read More &raquo;Nyheter","og_url":"https:\/\/growplanet.se\/en\/news\/","og_site_name":"Grow Planet","article_publisher":"https:\/\/www.facebook.com\/GrowPlanetEducation","article_modified_time":"2023-10-18T16:57:37+00:00","og_image":[{"width":200,"height":96,"url":"https:\/\/growplanet.se\/wp-content\/uploads\/2023\/01\/growplanet_logo_2rows_centered_shadow.png","type":"image\/png"}],"twitter_card":"summary_large_image","twitter_site":"@GrowPlanetEdu","twitter_misc":{"Estimated reading time":"4 minutes"},"schema":{"@context":"https:\/\/schema.org","@graph":[{"@type":"WebPage","@id":"https:\/\/growplanet.se\/news\/","url":"https:\/\/growplanet.se\/news\/","name":"Nyheter | Grow Planet","isPartOf":{"@id":"https:\/\/growplanet.se\/#website"},"datePublished":"2023-03-31T13:04:58+00:00","dateModified":"2023-10-18T16:57:37+00:00","breadcrumb":{"@id":"https:\/\/growplanet.se\/news\/#breadcrumb"},"inLanguage":"en-GB","potentialAction":[{"@type":"ReadAction","target":["https:\/\/growplanet.se\/news\/"]}]},{"@type":"BreadcrumbList","@id":"https:\/\/growplanet.se\/news\/#breadcrumb","itemListElement":[{"@type":"ListItem","position":1,"name":"Home","item":"https:\/\/growplanet.se\/sv\/"},{"@type":"ListItem","position":2,"name":"Nyheter"}]},{"@type":"WebSite","@id":"https:\/\/growplanet.se\/#website","url":"https:\/\/growplanet.se\/","name":"Grow Planet","description":"","publisher":{"@id":"https:\/\/growplanet.se\/#organization"},"potentialAction":[{"@type":"SearchAction","target":{"@type":"EntryPoint","urlTemplate":"https:\/\/growplanet.se\/?s={search_term_string}"},"query-input":"required name=search_term_string"}],"inLanguage":"en-GB"},{"@type":"Organization","@id":"https:\/\/growplanet.se\/#organization","name":"Gro Play","url":"https:\/\/growplanet.se\/","logo":{"@type":"ImageObject","inLanguage":"en-GB","@id":"https:\/\/growplanet.se\/#\/schema\/logo\/image\/","url":"https:\/\/growplanet.se\/wp-content\/uploads\/2020\/08\/growplanet_logo_square.png","contentUrl":"https:\/\/growplanet.se\/wp-content\/uploads\/2020\/08\/growplanet_logo_square.png","width":250,"height":250,"caption":"Gro Play"},"image":{"@id":"https:\/\/growplanet.se\/#\/schema\/logo\/image\/"},"sameAs":["https:\/\/www.facebook.com\/GrowPlanetEducation","https:\/\/twitter.com\/GrowPlanetEdu"]}]}},"_links":{"self":[{"href":"https:\/\/growplanet.se\/en\/wp-json\/wp\/v2\/pages\/1728"}],"collection":[{"href":"https:\/\/growplanet.se\/en\/wp-json\/wp\/v2\/pages"}],"about":[{"href":"https:\/\/growplanet.se\/en\/wp-json\/wp\/v2\/types\/page"}],"author":[{"embeddable":true,"href":"https:\/\/growplanet.se\/en\/wp-json\/wp\/v2\/users\/6"}],"replies":[{"embeddable":true,"href":"https:\/\/growplanet.se\/en\/wp-json\/wp\/v2\/comments?post=1728"}],"version-history":[{"count":74,"href":"https:\/\/growplanet.se\/en\/wp-json\/wp\/v2\/pages\/1728\/revisions"}],"predecessor-version":[{"id":3242,"href":"https:\/\/growplanet.se\/en\/wp-json\/wp\/v2\/pages\/1728\/revisions\/3242"}],"wp:attachment":[{"href":"https:\/\/growplanet.se\/en\/wp-json\/wp\/v2\/media?parent=1728"}],"curies":[{"name":"wp","href":"https:\/\/api.w.org\/{rel}","templated":true}]}}