{"id":2637,"date":"2023-09-25T17:38:07","date_gmt":"2023-09-25T15:38:07","guid":{"rendered":"https:\/\/growplanet.se\/?page_id=2637"},"modified":"2023-11-23T10:21:41","modified_gmt":"2023-11-23T09:21:41","slug":"steam","status":"publish","type":"page","link":"https:\/\/growplanet.se\/en\/steam\/","title":{"rendered":"STEAM learning"},"content":{"rendered":"<div data-elementor-type=\"wp-page\" data-elementor-id=\"2637\" class=\"elementor elementor-2637\">\n\t\t\t\t\t\t\t<div class=\"elementor-element elementor-element-e36c5cb e-flex e-con-boxed e-con e-parent\" data-id=\"e36c5cb\" data-element_type=\"container\" data-settings=\"{&quot;content_width&quot;:&quot;boxed&quot;}\" data-core-v316-plus=\"true\">\n\t\t\t\t\t<div class=\"e-con-inner\">\n\t\t\t\t<div class=\"elementor-element elementor-element-2f665ca0 elementor-arrows-position-inside elementor-pagination-position-outside elementor-widget elementor-widget-image-carousel\" data-id=\"2f665ca0\" data-element_type=\"widget\" data-settings=\"{&quot;slides_to_show&quot;:&quot;1&quot;,&quot;autoplay_speed&quot;:10000,&quot;navigation&quot;:&quot;both&quot;,&quot;autoplay&quot;:&quot;yes&quot;,&quot;pause_on_hover&quot;:&quot;yes&quot;,&quot;pause_on_interaction&quot;:&quot;yes&quot;,&quot;infinite&quot;:&quot;yes&quot;,&quot;effect&quot;:&quot;slide&quot;,&quot;speed&quot;:500}\" data-widget_type=\"image-carousel.default\">\n\t\t\t\t<div class=\"elementor-widget-container\">\n\t\t\t\t\t<div class=\"elementor-image-carousel-wrapper swiper-container\" dir=\"ltr\">\n\t\t\t<div class=\"elementor-image-carousel swiper-wrapper swiper-image-stretch\" aria-live=\"off\">\n\t\t\t\t\t\t\t\t<div class=\"swiper-slide\" role=\"group\" aria-roledescription=\"slide\" aria-label=\"1 of 7\"><figure class=\"swiper-slide-inner\"><img decoding=\"async\" class=\"swiper-slide-image\" src=\"https:\/\/growplanet.se\/wp-content\/uploads\/2022\/03\/water-valley.jpg\" alt=\"G\u00f6r vetenskap och teknik sp\u00e4nnande, relevant och begripligt.\" \/><figcaption class=\"elementor-image-carousel-caption\">The easy way to implement essential STEAM learning in the classroom.<\/figcaption><\/figure><\/div><div class=\"swiper-slide\" role=\"group\" aria-roledescription=\"slide\" aria-label=\"2 of 7\"><figure class=\"swiper-slide-inner\"><img decoding=\"async\" class=\"swiper-slide-image\" src=\"https:\/\/growplanet.se\/wp-content\/uploads\/2022\/03\/PHYSICS.jpg\" alt=\"Engagerar barnen i problembaserat och aktivt l\u00e4rande.\" \/><figcaption class=\"elementor-image-carousel-caption\">Giving children hands-on, experiential learning.<\/figcaption><\/figure><\/div><div class=\"swiper-slide\" role=\"group\" aria-roledescription=\"slide\" aria-label=\"3 of 7\"><figure class=\"swiper-slide-inner\"><img decoding=\"async\" class=\"swiper-slide-image\" src=\"https:\/\/growplanet.se\/wp-content\/uploads\/2022\/03\/cliff-island.jpg\" alt=\"Visar hur vetenskap, teknik och kreativitet kan f\u00f6r\u00e4ndra v\u00e4rlden till det b\u00e4ttre.\" \/><figcaption class=\"elementor-image-carousel-caption\">Visualising how technology and science can improve the world.<\/figcaption><\/figure><\/div><div class=\"swiper-slide\" role=\"group\" aria-roledescription=\"slide\" aria-label=\"4 of 7\"><figure class=\"swiper-slide-inner\"><img decoding=\"async\" class=\"swiper-slide-image\" src=\"https:\/\/growplanet.se\/wp-content\/uploads\/2022\/03\/Agravik.jpg\" alt=\"Kopplar l\u00e4randet till den verkliga v\u00e4rlden.\" \/><figcaption class=\"elementor-image-carousel-caption\">Connecting learning to the real world.<\/figcaption><\/figure><\/div><div class=\"swiper-slide\" role=\"group\" aria-roledescription=\"slide\" aria-label=\"5 of 7\"><figure class=\"swiper-slide-inner\"><img decoding=\"async\" class=\"swiper-slide-image\" src=\"https:\/\/growplanet.se\/wp-content\/uploads\/2020\/08\/grow-planet-programming.jpg\" alt=\"Grow Planet: Programmering\" \/><figcaption class=\"elementor-image-carousel-caption\">Stimulating logical thinking, reasoning, and problem-solving skills.<\/figcaption><\/figure><\/div><div class=\"swiper-slide\" role=\"group\" aria-roledescription=\"slide\" aria-label=\"6 of 7\"><figure class=\"swiper-slide-inner\"><img decoding=\"async\" class=\"swiper-slide-image\" src=\"https:\/\/growplanet.se\/wp-content\/uploads\/2020\/08\/grow-planet-windmill.jpg\" alt=\"Grow Planet: Vindkraftverk\" \/><figcaption class=\"elementor-image-carousel-caption\">Supporting children to think like an engineer to solve technical problems.<\/figcaption><\/figure><\/div><div class=\"swiper-slide\" role=\"group\" aria-roledescription=\"slide\" aria-label=\"7 of 7\"><figure class=\"swiper-slide-inner\"><img decoding=\"async\" class=\"swiper-slide-image\" src=\"https:\/\/growplanet.se\/wp-content\/uploads\/2023\/01\/voxel.jpg\" alt=\"Fr\u00e4mjar spatialt och kreativt t\u00e4nkande.\" \/><figcaption class=\"elementor-image-carousel-caption\">Promoting spatial and creative thinking.<\/figcaption><\/figure><\/div>\t\t\t<\/div>\n\t\t\t\t\t\t\t\t\t\t\t\t<div class=\"elementor-swiper-button elementor-swiper-button-prev\" role=\"button\" tabindex=\"0\">\n\t\t\t\t\t\t<i aria-hidden=\"true\" class=\"eicon-chevron-left\"><\/i>\t\t\t\t\t<\/div>\n\t\t\t\t\t<div class=\"elementor-swiper-button elementor-swiper-button-next\" role=\"button\" tabindex=\"0\">\n\t\t\t\t\t\t<i aria-hidden=\"true\" class=\"eicon-chevron-right\"><\/i>\t\t\t\t\t<\/div>\n\t\t\t\t\n\t\t\t\t\t\t\t\t\t<div class=\"swiper-pagination\"><\/div>\n\t\t\t\t\t\t\t\t\t<\/div>\n\t\t\t\t<\/div>\n\t\t\t\t<\/div>\n\t\t\t\t\t<\/div>\n\t\t\t\t<\/div>\n\t\t<div class=\"elementor-element elementor-element-6e51483 e-flex e-con-boxed e-con e-parent\" data-id=\"6e51483\" data-element_type=\"container\" data-settings=\"{&quot;content_width&quot;:&quot;boxed&quot;}\" data-core-v316-plus=\"true\">\n\t\t\t\t\t<div class=\"e-con-inner\">\n\t\t<div class=\"elementor-element elementor-element-ea767dd e-flex e-con-boxed e-con e-child\" data-id=\"ea767dd\" data-element_type=\"container\" data-settings=\"{&quot;content_width&quot;:&quot;boxed&quot;}\">\n\t\t\t\t\t<div class=\"e-con-inner\">\n\t\t\t\t<div class=\"elementor-element elementor-element-1035b9c elementor-widget elementor-widget-heading\" data-id=\"1035b9c\" data-element_type=\"widget\" data-widget_type=\"heading.default\">\n\t\t\t\t<div class=\"elementor-widget-container\">\n\t\t\t<h1 class=\"elementor-heading-title elementor-size-default\">STEAM learning<\/h1>\t\t<\/div>\n\t\t\t\t<\/div>\n\t\t\t\t<div class=\"elementor-element elementor-element-560d306 elementor-widget elementor-widget-text-editor\" data-id=\"560d306\" data-element_type=\"widget\" data-widget_type=\"text-editor.default\">\n\t\t\t\t<div class=\"elementor-widget-container\">\n\t\t\t\t\t\t\t<p style=\"text-align: left;\">STEAM Education is an approach to teaching and learning that combines science, technology, engineering, the arts, and math to guide pupil inquiry, discussion, and problem-solving. Education experts say STEAM education is about more than developing practical skills alone. It also helps pupils develop the capacity to:<\/p>\n<ul>\n<li style=\"text-align: left;\">Take thoughtful risks<\/li>\n<li style=\"text-align: left;\">Engage in meaningful learning activities<\/li>\n<li style=\"text-align: left;\">Become resilient problem solvers<\/li>\n<li style=\"text-align: left;\">Embrace and appreciate collaboration<\/li>\n<li style=\"text-align: left;\">Work through the creative process<\/li>\n<\/ul>\n<p style=\"text-align: left;\">Through STEAM, pupils are empowered to be curious learners who seek creative solutions to questions they can\u2019t just search for online, leading pupils to develop the soft and hard skills necessary to succeed in college and in their careers. It\u2019s become so popular there is even now a yearly National STEAM Day to encourage pupils to get curious about science, math, and art activities.<\/p>\t\t\t\t\t\t<\/div>\n\t\t\t\t<\/div>\n\t\t\t\t<div class=\"elementor-element elementor-element-3a8e1ff elementor-widget elementor-widget-image\" data-id=\"3a8e1ff\" data-element_type=\"widget\" data-no-translation=\"\" data-widget_type=\"image.default\">\n\t\t\t\t<div class=\"elementor-widget-container\">\n\t\t\t<style>.elementor-element-3a8e1ff{display:none !important}<\/style>\t\t<\/div>\n\t\t\t\t<\/div>\n\t\t\t\t<div class=\"elementor-element elementor-element-5d520be elementor-widget elementor-widget-image\" data-id=\"5d520be\" data-element_type=\"widget\" data-no-translation=\"\" data-widget_type=\"image.default\">\n\t\t\t\t<div class=\"elementor-widget-container\">\n\t\t\t\t\t\t\t\t\t\t\t\t\t\t\t<img loading=\"lazy\" decoding=\"async\" width=\"1191\" height=\"402\" src=\"https:\/\/growplanet.se\/wp-content\/uploads\/2023\/11\/Group-64.png\" class=\"attachment-full size-full wp-image-3382\" alt=\"\" srcset=\"https:\/\/growplanet.se\/wp-content\/uploads\/2023\/11\/Group-64.png 1191w, https:\/\/growplanet.se\/wp-content\/uploads\/2023\/11\/Group-64-300x101.png 300w, https:\/\/growplanet.se\/wp-content\/uploads\/2023\/11\/Group-64-1024x346.png 1024w, https:\/\/growplanet.se\/wp-content\/uploads\/2023\/11\/Group-64-768x259.png 768w, https:\/\/growplanet.se\/wp-content\/uploads\/2023\/11\/Group-64-18x6.png 18w\" sizes=\"(max-width: 1191px) 100vw, 1191px\" \/>\t\t\t\t\t\t\t\t\t\t\t\t\t\t\t<\/div>\n\t\t\t\t<\/div>\n\t\t\t\t\t<\/div>\n\t\t\t\t<\/div>\n\t\t<div class=\"elementor-element elementor-element-10fc8a3 e-flex e-con-boxed e-con e-child\" data-id=\"10fc8a3\" data-element_type=\"container\" data-settings=\"{&quot;content_width&quot;:&quot;boxed&quot;}\">\n\t\t\t\t\t<div class=\"e-con-inner\">\n\t\t\t\t<div class=\"elementor-element elementor-element-59de3ba elementor-widget elementor-widget-heading\" data-id=\"59de3ba\" data-element_type=\"widget\" data-widget_type=\"heading.default\">\n\t\t\t\t<div class=\"elementor-widget-container\">\n\t\t\t<h2 class=\"elementor-heading-title elementor-size-default\">STEAM vs STEM<\/h2>\t\t<\/div>\n\t\t\t\t<\/div>\n\t\t\t\t<div class=\"elementor-element elementor-element-6ca7a02 elementor-widget elementor-widget-text-editor\" data-id=\"6ca7a02\" data-element_type=\"widget\" data-widget_type=\"text-editor.default\">\n\t\t\t\t<div class=\"elementor-widget-container\">\n\t\t\t\t\t\t\t<p style=\"text-align: left;\">Although similar, STEAM and STEM education are not interchangeable terms. While STEAM uses the same concepts as STEM, STEAM also incorporates the arts and sometimes the humanities. However, educators say simply adding arts and crafts to a STEM project or making the project \u201clook pretty\u201d doesn\u2019t make it a STEAM lesson.<\/p><p style=\"text-align: left;\">Instead, the arts must be integrated into the lesson so pupils can see how each relevant discipline connects and works together. This allows pupils to develop and use skills naturally embedded in the arts and humanities, including empathy, creativity, and communication.<\/p><p style=\"text-align: left;\">In fact, research shows that pupils who participate in creative programs display:<\/p><ul><li style=\"text-align: left;\">Advanced thinking<\/li><li style=\"text-align: left;\">The know-how to cope with stress<\/li><li style=\"text-align: left;\">Enhanced self-awareness<\/li><li style=\"text-align: left;\">Social skills like teamwork, communication, confidence, autonomy, and motivation<\/li><li style=\"text-align: left;\">The ability to build connections with their community<\/li><\/ul><p>There is some debate about whether art education should be included in programming promoting science, technology, engineering and mathematics. Some STEM supporters believe that including art takes away from the other core subject matter. Many STEAM supporters believe the arts should not be overlooked and feel that the arts enhance the overall learning experience by adding even more creativity into the mix.<\/p>\t\t\t\t\t\t<\/div>\n\t\t\t\t<\/div>\n\t\t<div class=\"elementor-element elementor-element-9d12ed9 e-flex e-con-boxed e-con e-child\" data-id=\"9d12ed9\" data-element_type=\"container\" data-settings=\"{&quot;content_width&quot;:&quot;boxed&quot;}\">\n\t\t\t\t\t<div class=\"e-con-inner\">\n\t\t\t\t<div class=\"elementor-element elementor-element-30b3cec elementor-widget elementor-widget-image\" data-id=\"30b3cec\" data-element_type=\"widget\" data-widget_type=\"image.default\">\n\t\t\t\t<div class=\"elementor-widget-container\">\n\t\t\t\t\t\t\t\t\t\t\t\t\t\t\t<img decoding=\"async\" src=\"https:\/\/growplanet.se\/wp-content\/uploads\/elementor\/thumbs\/GrowPlanetImage5-qf5doq4wc6z0a8y0gur32xkna5mviyeyx1cmz3129k.png\" title=\"GrowPlanetImage5\" alt=\"GrowPlanetImage5\" loading=\"lazy\" \/>\t\t\t\t\t\t\t\t\t\t\t\t\t\t\t<\/div>\n\t\t\t\t<\/div>\n\t\t\t\t<div class=\"elementor-element elementor-element-b8d8540 elementor-widget elementor-widget-image\" data-id=\"b8d8540\" data-element_type=\"widget\" data-widget_type=\"image.default\">\n\t\t\t\t<div class=\"elementor-widget-container\">\n\t\t\t\t\t\t\t\t\t\t\t\t\t\t\t<img decoding=\"async\" src=\"https:\/\/growplanet.se\/wp-content\/uploads\/elementor\/thumbs\/GrowPlanetImage6-qf5doo97yiwfn10qrtxtxy1q3dw53k7i8s1o0j3um0.png\" title=\"GrowPlanetImage6\" alt=\"GrowPlanetImage6\" loading=\"lazy\" \/>\t\t\t\t\t\t\t\t\t\t\t\t\t\t\t<\/div>\n\t\t\t\t<\/div>\n\t\t\t\t\t<\/div>\n\t\t\t\t<\/div>\n\t\t\t\t\t<\/div>\n\t\t\t\t<\/div>\n\t\t<div class=\"elementor-element elementor-element-1343019 e-flex e-con-boxed e-con e-child\" data-id=\"1343019\" data-element_type=\"container\" data-settings=\"{&quot;content_width&quot;:&quot;boxed&quot;}\">\n\t\t\t\t\t<div class=\"e-con-inner\">\n\t\t\t\t<div class=\"elementor-element elementor-element-1b2c739 elementor-widget elementor-widget-heading\" data-id=\"1b2c739\" data-element_type=\"widget\" data-widget_type=\"heading.default\">\n\t\t\t\t<div class=\"elementor-widget-container\">\n\t\t\t<h2 class=\"elementor-heading-title elementor-size-default\">Importance<\/h2>\t\t<\/div>\n\t\t\t\t<\/div>\n\t\t\t\t<div class=\"elementor-element elementor-element-51b11fc elementor-widget elementor-widget-text-editor\" data-id=\"51b11fc\" data-element_type=\"widget\" data-widget_type=\"text-editor.default\">\n\t\t\t\t<div class=\"elementor-widget-container\">\n\t\t\t\t\t\t\t<p style=\"text-align: left;\">A big part of the education system\u2019s function is to prepare pupils for the future workforce.<\/p><p style=\"text-align: left;\">That\u2019s why STEAM education is so important. Pupils explore through curiosity, play, and hands-on learning. And who knows? What they find might just lead to the next emerging STEAM career. The challenging part is that many STEAM careers are always evolving, and although we can\u2019t predict the future of jobs, we can help prepare pupils with the knowledge and skills they\u2019ll need to succeed in those jobs.<\/p><p style=\"text-align: left;\">The whole point of STEAM is to inspire inquiry and curiosity; to empower pupils to ask thought-provoking questions that promote creativity and exploration, and to connect their problem-solving to real-world solutions. With STEAM, no subject, or pupil, is excluded.<\/p><p style=\"text-align: left;\">And when done correctly, research has shown the impact STEAM can have on pupil success, from increasing science achievement to increased literacy and math skills.<\/p>\t\t\t\t\t\t<\/div>\n\t\t\t\t<\/div>\n\t\t\t\t\t<\/div>\n\t\t\t\t<\/div>\n\t\t\t\t\t<\/div>\n\t\t\t\t<\/div>\n\t\t\t\t\t\t\t<\/div>","protected":false},"excerpt":{"rendered":"<p>G\u00f6r vetenskap och teknik sp\u00e4nnande, relevant och begripligt. Engagerar barnen i problembaserat och aktivt l\u00e4rande. Visar hur vetenskap, teknik och kreativitet kan f\u00f6r\u00e4ndra v\u00e4rlden till det b\u00e4ttre. Kopplar l\u00e4randet till den verkliga v\u00e4rlden. Stimulerar logiskt t\u00e4nkande, resonemangs- och probleml\u00f6sningsf\u00f6rm\u00e5ga. L\u00e4r barnen t\u00e4nka som en ingenj\u00f6r f\u00f6r att l\u00f6sa tekniska problem. Fr\u00e4mjar spatialt och kreativt t\u00e4nkande.&hellip;&nbsp;<a href=\"https:\/\/growplanet.se\/en\/steam\/\" class=\"\" rel=\"bookmark\">Read More &raquo;<span class=\"screen-reader-text\">STEAM learning<\/span><\/a><\/p>","protected":false},"author":1,"featured_media":0,"parent":0,"menu_order":0,"comment_status":"closed","ping_status":"closed","template":"elementor_header_footer","meta":{"neve_meta_sidebar":"full-width","neve_meta_container":"","neve_meta_enable_content_width":"on","neve_meta_content_width":100,"neve_meta_title_alignment":"","neve_meta_author_avatar":"","neve_post_elements_order":"","neve_meta_disable_header":"","neve_meta_disable_footer":"","neve_meta_disable_title":"","footnotes":""},"yoast_head":"<!-- This site is optimized with the Yoast SEO plugin v21.5 - https:\/\/yoast.com\/wordpress\/plugins\/seo\/ -->\n<title>STEAM Learning | Grow Planet<\/title>\n<meta name=\"robots\" content=\"index, follow, max-snippet:-1, max-image-preview:large, max-video-preview:-1\" \/>\n<link rel=\"canonical\" href=\"https:\/\/growplanet.se\/en\/steam\/\" \/>\n<meta property=\"og:locale\" content=\"en_GB\" \/>\n<meta property=\"og:type\" content=\"article\" \/>\n<meta property=\"og:title\" content=\"STEAM-utbildning | Grow Planet\" \/>\n<meta property=\"og:description\" content=\"G\u00f6r vetenskap och teknik sp\u00e4nnande, relevant och begripligt. Engagerar barnen i problembaserat och aktivt l\u00e4rande. Visar hur vetenskap, teknik och kreativitet kan f\u00f6r\u00e4ndra v\u00e4rlden till det b\u00e4ttre. Kopplar l\u00e4randet till den verkliga v\u00e4rlden. Stimulerar logiskt t\u00e4nkande, resonemangs- och probleml\u00f6sningsf\u00f6rm\u00e5ga. L\u00e4r barnen t\u00e4nka som en ingenj\u00f6r f\u00f6r att l\u00f6sa tekniska problem. Fr\u00e4mjar spatialt och kreativt t\u00e4nkande.&hellip;&nbsp;Read More &raquo;STEAM-utbildning\" \/>\n<meta property=\"og:url\" content=\"https:\/\/growplanet.se\/en\/steam\/\" \/>\n<meta property=\"og:site_name\" content=\"Grow Planet\" \/>\n<meta property=\"article:publisher\" content=\"https:\/\/www.facebook.com\/GrowPlanetEducation\" \/>\n<meta property=\"article:modified_time\" content=\"2023-11-23T09:21:41+00:00\" \/>\n<meta property=\"og:image\" content=\"https:\/\/growplanet.se\/wp-content\/uploads\/2022\/03\/water-valley.jpg\" \/>\n<meta name=\"twitter:card\" content=\"summary_large_image\" \/>\n<meta name=\"twitter:site\" content=\"@GrowPlanetEdu\" \/>\n<meta name=\"twitter:label1\" content=\"Estimated reading time\" \/>\n\t<meta name=\"twitter:data1\" content=\"6 minutes\" \/>\n<script type=\"application\/ld+json\" class=\"yoast-schema-graph\">{\"@context\":\"https:\/\/schema.org\",\"@graph\":[{\"@type\":\"WebPage\",\"@id\":\"https:\/\/growplanet.se\/steam\/\",\"url\":\"https:\/\/growplanet.se\/steam\/\",\"name\":\"STEAM-utbildning | Grow Planet\",\"isPartOf\":{\"@id\":\"https:\/\/growplanet.se\/#website\"},\"datePublished\":\"2023-09-25T15:38:07+00:00\",\"dateModified\":\"2023-11-23T09:21:41+00:00\",\"breadcrumb\":{\"@id\":\"https:\/\/growplanet.se\/steam\/#breadcrumb\"},\"inLanguage\":\"en-GB\",\"potentialAction\":[{\"@type\":\"ReadAction\",\"target\":[\"https:\/\/growplanet.se\/steam\/\"]}]},{\"@type\":\"BreadcrumbList\",\"@id\":\"https:\/\/growplanet.se\/steam\/#breadcrumb\",\"itemListElement\":[{\"@type\":\"ListItem\",\"position\":1,\"name\":\"Home\",\"item\":\"https:\/\/growplanet.se\/sv\/\"},{\"@type\":\"ListItem\",\"position\":2,\"name\":\"STEAM-utbildning\"}]},{\"@type\":\"WebSite\",\"@id\":\"https:\/\/growplanet.se\/#website\",\"url\":\"https:\/\/growplanet.se\/\",\"name\":\"Grow Planet\",\"description\":\"\",\"publisher\":{\"@id\":\"https:\/\/growplanet.se\/#organization\"},\"potentialAction\":[{\"@type\":\"SearchAction\",\"target\":{\"@type\":\"EntryPoint\",\"urlTemplate\":\"https:\/\/growplanet.se\/?s={search_term_string}\"},\"query-input\":\"required name=search_term_string\"}],\"inLanguage\":\"en-GB\"},{\"@type\":\"Organization\",\"@id\":\"https:\/\/growplanet.se\/#organization\",\"name\":\"Gro Play\",\"url\":\"https:\/\/growplanet.se\/\",\"logo\":{\"@type\":\"ImageObject\",\"inLanguage\":\"en-GB\",\"@id\":\"https:\/\/growplanet.se\/#\/schema\/logo\/image\/\",\"url\":\"https:\/\/growplanet.se\/wp-content\/uploads\/2020\/08\/growplanet_logo_square.png\",\"contentUrl\":\"https:\/\/growplanet.se\/wp-content\/uploads\/2020\/08\/growplanet_logo_square.png\",\"width\":250,\"height\":250,\"caption\":\"Gro Play\"},\"image\":{\"@id\":\"https:\/\/growplanet.se\/#\/schema\/logo\/image\/\"},\"sameAs\":[\"https:\/\/www.facebook.com\/GrowPlanetEducation\",\"https:\/\/twitter.com\/GrowPlanetEdu\"]}]}<\/script>\n<!-- \/ Yoast SEO plugin. -->","yoast_head_json":{"title":"STEAM Learning | Grow Planet","robots":{"index":"index","follow":"follow","max-snippet":"max-snippet:-1","max-image-preview":"max-image-preview:large","max-video-preview":"max-video-preview:-1"},"canonical":"https:\/\/growplanet.se\/en\/steam\/","og_locale":"en_GB","og_type":"article","og_title":"STEAM-utbildning | Grow Planet","og_description":"G\u00f6r vetenskap och teknik sp\u00e4nnande, relevant och begripligt. Engagerar barnen i problembaserat och aktivt l\u00e4rande. Visar hur vetenskap, teknik och kreativitet kan f\u00f6r\u00e4ndra v\u00e4rlden till det b\u00e4ttre. Kopplar l\u00e4randet till den verkliga v\u00e4rlden. Stimulerar logiskt t\u00e4nkande, resonemangs- och probleml\u00f6sningsf\u00f6rm\u00e5ga. L\u00e4r barnen t\u00e4nka som en ingenj\u00f6r f\u00f6r att l\u00f6sa tekniska problem. Fr\u00e4mjar spatialt och kreativt t\u00e4nkande.&hellip;&nbsp;Read More &raquo;STEAM-utbildning","og_url":"https:\/\/growplanet.se\/en\/steam\/","og_site_name":"Grow Planet","article_publisher":"https:\/\/www.facebook.com\/GrowPlanetEducation","article_modified_time":"2023-11-23T09:21:41+00:00","og_image":[{"url":"https:\/\/growplanet.se\/wp-content\/uploads\/2022\/03\/water-valley.jpg"}],"twitter_card":"summary_large_image","twitter_site":"@GrowPlanetEdu","twitter_misc":{"Estimated reading time":"6 minutes"},"schema":{"@context":"https:\/\/schema.org","@graph":[{"@type":"WebPage","@id":"https:\/\/growplanet.se\/steam\/","url":"https:\/\/growplanet.se\/steam\/","name":"STEAM-utbildning | Grow Planet","isPartOf":{"@id":"https:\/\/growplanet.se\/#website"},"datePublished":"2023-09-25T15:38:07+00:00","dateModified":"2023-11-23T09:21:41+00:00","breadcrumb":{"@id":"https:\/\/growplanet.se\/steam\/#breadcrumb"},"inLanguage":"en-GB","potentialAction":[{"@type":"ReadAction","target":["https:\/\/growplanet.se\/steam\/"]}]},{"@type":"BreadcrumbList","@id":"https:\/\/growplanet.se\/steam\/#breadcrumb","itemListElement":[{"@type":"ListItem","position":1,"name":"Home","item":"https:\/\/growplanet.se\/sv\/"},{"@type":"ListItem","position":2,"name":"STEAM-utbildning"}]},{"@type":"WebSite","@id":"https:\/\/growplanet.se\/#website","url":"https:\/\/growplanet.se\/","name":"Grow Planet","description":"","publisher":{"@id":"https:\/\/growplanet.se\/#organization"},"potentialAction":[{"@type":"SearchAction","target":{"@type":"EntryPoint","urlTemplate":"https:\/\/growplanet.se\/?s={search_term_string}"},"query-input":"required name=search_term_string"}],"inLanguage":"en-GB"},{"@type":"Organization","@id":"https:\/\/growplanet.se\/#organization","name":"Gro Play","url":"https:\/\/growplanet.se\/","logo":{"@type":"ImageObject","inLanguage":"en-GB","@id":"https:\/\/growplanet.se\/#\/schema\/logo\/image\/","url":"https:\/\/growplanet.se\/wp-content\/uploads\/2020\/08\/growplanet_logo_square.png","contentUrl":"https:\/\/growplanet.se\/wp-content\/uploads\/2020\/08\/growplanet_logo_square.png","width":250,"height":250,"caption":"Gro Play"},"image":{"@id":"https:\/\/growplanet.se\/#\/schema\/logo\/image\/"},"sameAs":["https:\/\/www.facebook.com\/GrowPlanetEducation","https:\/\/twitter.com\/GrowPlanetEdu"]}]}},"_links":{"self":[{"href":"https:\/\/growplanet.se\/en\/wp-json\/wp\/v2\/pages\/2637"}],"collection":[{"href":"https:\/\/growplanet.se\/en\/wp-json\/wp\/v2\/pages"}],"about":[{"href":"https:\/\/growplanet.se\/en\/wp-json\/wp\/v2\/types\/page"}],"author":[{"embeddable":true,"href":"https:\/\/growplanet.se\/en\/wp-json\/wp\/v2\/users\/1"}],"replies":[{"embeddable":true,"href":"https:\/\/growplanet.se\/en\/wp-json\/wp\/v2\/comments?post=2637"}],"version-history":[{"count":61,"href":"https:\/\/growplanet.se\/en\/wp-json\/wp\/v2\/pages\/2637\/revisions"}],"predecessor-version":[{"id":3411,"href":"https:\/\/growplanet.se\/en\/wp-json\/wp\/v2\/pages\/2637\/revisions\/3411"}],"wp:attachment":[{"href":"https:\/\/growplanet.se\/en\/wp-json\/wp\/v2\/media?parent=2637"}],"curies":[{"name":"wp","href":"https:\/\/api.w.org\/{rel}","templated":true}]}}