{"id":2663,"date":"2023-09-25T17:56:12","date_gmt":"2023-09-25T15:56:12","guid":{"rendered":"https:\/\/growplanet.se\/?page_id=2663"},"modified":"2023-11-23T10:19:34","modified_gmt":"2023-11-23T09:19:34","slug":"game-based-learning","status":"publish","type":"page","link":"https:\/\/growplanet.se\/en\/game-based-learning\/","title":{"rendered":"Learning with games"},"content":{"rendered":"<div data-elementor-type=\"wp-page\" data-elementor-id=\"2663\" class=\"elementor elementor-2663\">\n\t\t\t\t\t\t\t<div class=\"elementor-element elementor-element-60289af1 e-flex e-con-boxed e-con e-parent\" data-id=\"60289af1\" data-element_type=\"container\" data-settings=\"{&quot;content_width&quot;:&quot;boxed&quot;}\" data-core-v316-plus=\"true\">\n\t\t\t\t\t<div class=\"e-con-inner\">\n\t\t\t\t<div class=\"elementor-element elementor-element-6f05c98c elementor-arrows-position-inside elementor-pagination-position-outside elementor-widget elementor-widget-image-carousel\" data-id=\"6f05c98c\" data-element_type=\"widget\" data-settings=\"{&quot;slides_to_show&quot;:&quot;1&quot;,&quot;autoplay_speed&quot;:10000,&quot;navigation&quot;:&quot;both&quot;,&quot;autoplay&quot;:&quot;yes&quot;,&quot;pause_on_hover&quot;:&quot;yes&quot;,&quot;pause_on_interaction&quot;:&quot;yes&quot;,&quot;infinite&quot;:&quot;yes&quot;,&quot;effect&quot;:&quot;slide&quot;,&quot;speed&quot;:500}\" data-widget_type=\"image-carousel.default\">\n\t\t\t\t<div class=\"elementor-widget-container\">\n\t\t\t\t\t<div class=\"elementor-image-carousel-wrapper swiper-container\" dir=\"ltr\">\n\t\t\t<div class=\"elementor-image-carousel swiper-wrapper swiper-image-stretch\" aria-live=\"off\">\n\t\t\t\t\t\t\t\t<div class=\"swiper-slide\" role=\"group\" aria-roledescription=\"slide\" aria-label=\"1 of 7\"><figure class=\"swiper-slide-inner\"><img decoding=\"async\" class=\"swiper-slide-image\" src=\"https:\/\/growplanet.se\/wp-content\/uploads\/2022\/03\/water-valley.jpg\" alt=\"G\u00f6r vetenskap och teknik sp\u00e4nnande, relevant och begripligt.\" \/><figcaption class=\"elementor-image-carousel-caption\">The easy way to implement essential STEAM learning in the classroom.<\/figcaption><\/figure><\/div><div class=\"swiper-slide\" role=\"group\" aria-roledescription=\"slide\" aria-label=\"2 of 7\"><figure class=\"swiper-slide-inner\"><img decoding=\"async\" class=\"swiper-slide-image\" src=\"https:\/\/growplanet.se\/wp-content\/uploads\/2022\/03\/PHYSICS.jpg\" alt=\"Engagerar barnen i problembaserat och aktivt l\u00e4rande.\" \/><figcaption class=\"elementor-image-carousel-caption\">Giving children hands-on, experiential learning.<\/figcaption><\/figure><\/div><div class=\"swiper-slide\" role=\"group\" aria-roledescription=\"slide\" aria-label=\"3 of 7\"><figure class=\"swiper-slide-inner\"><img decoding=\"async\" class=\"swiper-slide-image\" src=\"https:\/\/growplanet.se\/wp-content\/uploads\/2022\/03\/cliff-island.jpg\" alt=\"Visar hur vetenskap, teknik och kreativitet kan f\u00f6r\u00e4ndra v\u00e4rlden till det b\u00e4ttre.\" \/><figcaption class=\"elementor-image-carousel-caption\">Visualising how technology and science can improve the world.<\/figcaption><\/figure><\/div><div class=\"swiper-slide\" role=\"group\" aria-roledescription=\"slide\" aria-label=\"4 of 7\"><figure class=\"swiper-slide-inner\"><img decoding=\"async\" class=\"swiper-slide-image\" src=\"https:\/\/growplanet.se\/wp-content\/uploads\/2022\/03\/Agravik.jpg\" alt=\"Kopplar l\u00e4randet till den verkliga v\u00e4rlden.\" \/><figcaption class=\"elementor-image-carousel-caption\">Connecting learning to the real world.<\/figcaption><\/figure><\/div><div class=\"swiper-slide\" role=\"group\" aria-roledescription=\"slide\" aria-label=\"5 of 7\"><figure class=\"swiper-slide-inner\"><img decoding=\"async\" class=\"swiper-slide-image\" src=\"https:\/\/growplanet.se\/wp-content\/uploads\/2020\/08\/grow-planet-programming.jpg\" alt=\"Grow Planet: Programmering\" \/><figcaption class=\"elementor-image-carousel-caption\">Stimulating logical thinking, reasoning, and problem-solving skills.<\/figcaption><\/figure><\/div><div class=\"swiper-slide\" role=\"group\" aria-roledescription=\"slide\" aria-label=\"6 of 7\"><figure class=\"swiper-slide-inner\"><img decoding=\"async\" class=\"swiper-slide-image\" src=\"https:\/\/growplanet.se\/wp-content\/uploads\/2020\/08\/grow-planet-windmill.jpg\" alt=\"Grow Planet: Vindkraftverk\" \/><figcaption class=\"elementor-image-carousel-caption\">Supporting children to think like an engineer to solve technical problems.<\/figcaption><\/figure><\/div><div class=\"swiper-slide\" role=\"group\" aria-roledescription=\"slide\" aria-label=\"7 of 7\"><figure class=\"swiper-slide-inner\"><img decoding=\"async\" class=\"swiper-slide-image\" src=\"https:\/\/growplanet.se\/wp-content\/uploads\/2023\/01\/voxel.jpg\" alt=\"Fr\u00e4mjar spatialt och kreativt t\u00e4nkande.\" \/><figcaption class=\"elementor-image-carousel-caption\">Promoting spatial and creative thinking.<\/figcaption><\/figure><\/div>\t\t\t<\/div>\n\t\t\t\t\t\t\t\t\t\t\t\t<div class=\"elementor-swiper-button elementor-swiper-button-prev\" role=\"button\" tabindex=\"0\">\n\t\t\t\t\t\t<i aria-hidden=\"true\" class=\"eicon-chevron-left\"><\/i>\t\t\t\t\t<\/div>\n\t\t\t\t\t<div class=\"elementor-swiper-button elementor-swiper-button-next\" role=\"button\" tabindex=\"0\">\n\t\t\t\t\t\t<i aria-hidden=\"true\" class=\"eicon-chevron-right\"><\/i>\t\t\t\t\t<\/div>\n\t\t\t\t\n\t\t\t\t\t\t\t\t\t<div class=\"swiper-pagination\"><\/div>\n\t\t\t\t\t\t\t\t\t<\/div>\n\t\t\t\t<\/div>\n\t\t\t\t<\/div>\n\t\t\t\t\t<\/div>\n\t\t\t\t<\/div>\n\t\t<div class=\"elementor-element elementor-element-5558bd1 e-flex e-con-boxed e-con e-parent\" data-id=\"5558bd1\" data-element_type=\"container\" data-settings=\"{&quot;content_width&quot;:&quot;boxed&quot;}\" data-core-v316-plus=\"true\">\n\t\t\t\t\t<div class=\"e-con-inner\">\n\t\t<div class=\"elementor-element elementor-element-822b66d e-flex e-con-boxed e-con e-child\" data-id=\"822b66d\" data-element_type=\"container\" data-settings=\"{&quot;content_width&quot;:&quot;boxed&quot;}\">\n\t\t\t\t\t<div class=\"e-con-inner\">\n\t\t\t\t<div class=\"elementor-element elementor-element-9b1cbf9 elementor-widget elementor-widget-heading\" data-id=\"9b1cbf9\" data-element_type=\"widget\" data-widget_type=\"heading.default\">\n\t\t\t\t<div class=\"elementor-widget-container\">\n\t\t\t<h1 class=\"elementor-heading-title elementor-size-default\">Learning with games<\/h1>\t\t<\/div>\n\t\t\t\t<\/div>\n\t\t\t\t<div class=\"elementor-element elementor-element-84f2ecc elementor-widget elementor-widget-text-editor\" data-id=\"84f2ecc\" data-element_type=\"widget\" data-widget_type=\"text-editor.default\">\n\t\t\t\t<div class=\"elementor-widget-container\">\n\t\t\t\t\t\t\t<p>Playing games greatly increases the brain's capacity to memorize things. Games enhance the ability to think in a critical way, which boosts the capacity to retain information for a longer time.<\/p><p>The use of games with learning purposes is not new. Learning is an active process where the learner takes part in it since he builds up new ideas based upon current or past knowledge. Some of the advantages of using games with learning purposes are:<\/p><ul><li>Learning from your mistakes in a safe and simulated environment<\/li><li>Learning other ways or more effective techniques to carry out something in particular<\/li><li>The context of a game is generally more engaging because at every stage there is a challenge to achieve that keeps the learner motivated<\/li><\/ul>\t\t\t\t\t\t<\/div>\n\t\t\t\t<\/div>\n\t\t\t\t<div class=\"elementor-element elementor-element-01d176e elementor-widget elementor-widget-image\" data-id=\"01d176e\" data-element_type=\"widget\" data-no-translation=\"\" data-widget_type=\"image.default\">\n\t\t\t\t<div class=\"elementor-widget-container\">\n\t\t\t<style>.elementor-element-01d176e{display:none !important}<\/style>\t\t<\/div>\n\t\t\t\t<\/div>\n\t\t\t\t<div class=\"elementor-element elementor-element-b2fa179 elementor-widget elementor-widget-image\" data-id=\"b2fa179\" data-element_type=\"widget\" data-no-translation=\"\" data-widget_type=\"image.default\">\n\t\t\t\t<div class=\"elementor-widget-container\">\n\t\t\t\t\t\t\t\t\t\t\t\t\t\t\t<img loading=\"lazy\" decoding=\"async\" width=\"1191\" height=\"402\" src=\"https:\/\/growplanet.se\/wp-content\/uploads\/2023\/11\/Group-66.png\" class=\"attachment-full size-full wp-image-3384\" alt=\"\" srcset=\"https:\/\/growplanet.se\/wp-content\/uploads\/2023\/11\/Group-66.png 1191w, https:\/\/growplanet.se\/wp-content\/uploads\/2023\/11\/Group-66-300x101.png 300w, https:\/\/growplanet.se\/wp-content\/uploads\/2023\/11\/Group-66-1024x346.png 1024w, https:\/\/growplanet.se\/wp-content\/uploads\/2023\/11\/Group-66-768x259.png 768w, https:\/\/growplanet.se\/wp-content\/uploads\/2023\/11\/Group-66-18x6.png 18w\" sizes=\"(max-width: 1191px) 100vw, 1191px\" \/>\t\t\t\t\t\t\t\t\t\t\t\t\t\t\t<\/div>\n\t\t\t\t<\/div>\n\t\t\t\t\t<\/div>\n\t\t\t\t<\/div>\n\t\t<div class=\"elementor-element elementor-element-5f2a4f8 e-flex e-con-boxed e-con e-child\" data-id=\"5f2a4f8\" data-element_type=\"container\" data-settings=\"{&quot;content_width&quot;:&quot;boxed&quot;}\">\n\t\t\t\t\t<div class=\"e-con-inner\">\n\t\t\t\t<div class=\"elementor-element elementor-element-d5a8dc4 elementor-widget elementor-widget-heading\" data-id=\"d5a8dc4\" data-element_type=\"widget\" data-widget_type=\"heading.default\">\n\t\t\t\t<div class=\"elementor-widget-container\">\n\t\t\t<h2 class=\"elementor-heading-title elementor-size-default\">Game-based learning vs gamification<\/h2>\t\t<\/div>\n\t\t\t\t<\/div>\n\t\t\t\t<div class=\"elementor-element elementor-element-bea3022 elementor-widget elementor-widget-text-editor\" data-id=\"bea3022\" data-element_type=\"widget\" data-widget_type=\"text-editor.default\">\n\t\t\t\t<div class=\"elementor-widget-container\">\n\t\t\t\t\t\t\t<p>Nowadays we are surrounded by a wide range of concepts related to games that can be used for learning purposes such as Gamification or Game-Based Learning.<\/p><p>Gamification is the process of using game mechanics and game thinking in non-gaming contexts to engage users and to solve problems. It is popular for marketing purposes but it is also becoming popular in learning contexts.<\/p><p>Gamification incorporates game elements such as point systems, leaderboards, badges, and other game-related features into \"traditional\" learning activities to increase engagement and motivation. Gamification and game-based learning are similar in encouraging engagement and long-term motivation in education, but are different practices and can be distinguished.<\/p><p>On the other hand, the aim of Game-Based Learning (GBL) is to teach something while the learner is playing. Game-based learning is an active learning technique that uses games to improve pupil learning. The learning, in this case, comes from playing the game, which promotes critical thinking and problem-solving skills. Game-based learning can be achieved through digital or non-digital games and simulations that allow pupils to experience the learning firsthand.<\/p>\t\t\t\t\t\t<\/div>\n\t\t\t\t<\/div>\n\t\t<div class=\"elementor-element elementor-element-d3b0284 e-flex e-con-boxed e-con e-child\" data-id=\"d3b0284\" data-element_type=\"container\" data-settings=\"{&quot;content_width&quot;:&quot;boxed&quot;}\">\n\t\t\t\t\t<div class=\"e-con-inner\">\n\t\t\t\t<div class=\"elementor-element elementor-element-2460750 elementor-widget elementor-widget-image\" data-id=\"2460750\" data-element_type=\"widget\" data-widget_type=\"image.default\">\n\t\t\t\t<div class=\"elementor-widget-container\">\n\t\t\t\t\t\t\t\t\t\t\t\t\t\t\t<img loading=\"lazy\" decoding=\"async\" width=\"1264\" height=\"402\" src=\"https:\/\/growplanet.se\/wp-content\/uploads\/2023\/11\/GrowPlanetImage8-1.png\" class=\"attachment-full size-full wp-image-3392\" alt=\"\" srcset=\"https:\/\/growplanet.se\/wp-content\/uploads\/2023\/11\/GrowPlanetImage8-1.png 1264w, https:\/\/growplanet.se\/wp-content\/uploads\/2023\/11\/GrowPlanetImage8-1-300x95.png 300w, https:\/\/growplanet.se\/wp-content\/uploads\/2023\/11\/GrowPlanetImage8-1-1024x326.png 1024w, https:\/\/growplanet.se\/wp-content\/uploads\/2023\/11\/GrowPlanetImage8-1-768x244.png 768w, https:\/\/growplanet.se\/wp-content\/uploads\/2023\/11\/GrowPlanetImage8-1-18x6.png 18w\" sizes=\"(max-width: 1264px) 100vw, 1264px\" \/>\t\t\t\t\t\t\t\t\t\t\t\t\t\t\t<\/div>\n\t\t\t\t<\/div>\n\t\t\t\t\t<\/div>\n\t\t\t\t<\/div>\n\t\t\t\t\t<\/div>\n\t\t\t\t<\/div>\n\t\t<div class=\"elementor-element elementor-element-c246e64 e-flex e-con-boxed e-con e-child\" data-id=\"c246e64\" data-element_type=\"container\" data-settings=\"{&quot;content_width&quot;:&quot;boxed&quot;}\">\n\t\t\t\t\t<div class=\"e-con-inner\">\n\t\t\t\t<div class=\"elementor-element elementor-element-f7b89d3 elementor-widget elementor-widget-heading\" data-id=\"f7b89d3\" data-element_type=\"widget\" data-widget_type=\"heading.default\">\n\t\t\t\t<div class=\"elementor-widget-container\">\n\t\t\t<h2 class=\"elementor-heading-title elementor-size-default\">Digital game-based learning<\/h2>\t\t<\/div>\n\t\t\t\t<\/div>\n\t\t\t\t<div class=\"elementor-element elementor-element-edadf49 elementor-widget elementor-widget-text-editor\" data-id=\"edadf49\" data-element_type=\"widget\" data-widget_type=\"text-editor.default\">\n\t\t\t\t<div class=\"elementor-widget-container\">\n\t\t\t\t\t\t\t<p>Classrooms today look very different than they did 30, 20, or even ten years ago.<\/p><p>That\u2019s because digital game-based learning is now a prominent teaching method, thanks to the technology that has become available in classrooms today. This has drastically changed how pupils are taught as well as how they learn.<\/p><p>Studies show that kids play video games an average of 4-6 hours a day \u2014 and it\u2019s thought that using similar gameplay in the classroom can increase engagement and overall learnings in classes like maths!<\/p><p>Research has shown 74% of teachers already implement digital game-based learning to help augment instruction.<\/p><p>Compared to traditional instruction, digital game-based learning has shown to be more effective in improving pupils\u2019 mathematical learning.\nWhile interacting with games rooted in math, pupils reported enjoying math more and research found them to be more engaged with the content.<\/p><p>Blended learning classrooms, that use both traditional lessons and digital game-based learning, have the most effect on pupils' learning.<\/p>\t\t\t\t\t\t<\/div>\n\t\t\t\t<\/div>\n\t\t\t\t<div class=\"elementor-element elementor-element-015ecfd elementor-widget elementor-widget-image\" data-id=\"015ecfd\" data-element_type=\"widget\" data-widget_type=\"image.default\">\n\t\t\t\t<div class=\"elementor-widget-container\">\n\t\t\t\t\t\t\t\t\t\t\t\t\t\t\t<img loading=\"lazy\" decoding=\"async\" width=\"1194\" height=\"402\" src=\"https:\/\/growplanet.se\/wp-content\/uploads\/2023\/11\/pexels-yan-krukau-8617637-1.png\" class=\"attachment-full size-full wp-image-3393\" alt=\"\" srcset=\"https:\/\/growplanet.se\/wp-content\/uploads\/2023\/11\/pexels-yan-krukau-8617637-1.png 1194w, https:\/\/growplanet.se\/wp-content\/uploads\/2023\/11\/pexels-yan-krukau-8617637-1-300x101.png 300w, https:\/\/growplanet.se\/wp-content\/uploads\/2023\/11\/pexels-yan-krukau-8617637-1-1024x345.png 1024w, https:\/\/growplanet.se\/wp-content\/uploads\/2023\/11\/pexels-yan-krukau-8617637-1-768x259.png 768w, https:\/\/growplanet.se\/wp-content\/uploads\/2023\/11\/pexels-yan-krukau-8617637-1-18x6.png 18w\" sizes=\"(max-width: 1194px) 100vw, 1194px\" \/>\t\t\t\t\t\t\t\t\t\t\t\t\t\t\t<\/div>\n\t\t\t\t<\/div>\n\t\t\t\t\t<\/div>\n\t\t\t\t<\/div>\n\t\t<div class=\"elementor-element elementor-element-6829fce e-flex e-con-boxed e-con e-child\" data-id=\"6829fce\" data-element_type=\"container\" data-settings=\"{&quot;content_width&quot;:&quot;boxed&quot;}\">\n\t\t\t\t\t<div class=\"e-con-inner\">\n\t\t\t\t<div class=\"elementor-element elementor-element-9ab6a07 elementor-widget elementor-widget-heading\" data-id=\"9ab6a07\" data-element_type=\"widget\" data-widget_type=\"heading.default\">\n\t\t\t\t<div class=\"elementor-widget-container\">\n\t\t\t<h2 class=\"elementor-heading-title elementor-size-default\">Balance<\/h2>\t\t<\/div>\n\t\t\t\t<\/div>\n\t\t\t\t<div class=\"elementor-element elementor-element-0ce9cdc elementor-widget elementor-widget-text-editor\" data-id=\"0ce9cdc\" data-element_type=\"widget\" data-widget_type=\"text-editor.default\">\n\t\t\t\t<div class=\"elementor-widget-container\">\n\t\t\t\t\t\t\t<p>How do we differentiate games that are appropriate for helping pupils learn in the classroom from those that are used purely for entertainment? Researchers have classified games into two categories:<\/p><p><b>Video games<\/b><br \/>Games designed for pure entertainment.<\/p><p><b>Serious games<\/b><br \/>Games designed to teach or help pupils practice specific skills or content.<\/p><p>While intended for fun, certain video games can be shifted to teach different skills \u2014 bringing them into the realm of serious gaming. On the other hand, serious games can incorporate elements of video games to make them more entertaining and engaging.<\/p><p>There is a distinct balance that needs to be reached between these two types of games, to create something educational and fun for pupils.<\/p><p>DGBL (Digital Game-Based Learning) continues to grow in popularity and is being used more frequently. Many teachers have already found reason enough to use various games in their classrooms every week and even more use them on a monthly basis.<\/p>\t\t\t\t\t\t<\/div>\n\t\t\t\t<\/div>\n\t\t\t\t\t<\/div>\n\t\t\t\t<\/div>\n\t\t\t\t\t<\/div>\n\t\t\t\t<\/div>\n\t\t\t\t\t\t\t<\/div>","protected":false},"excerpt":{"rendered":"<p>G\u00f6r vetenskap och teknik sp\u00e4nnande, relevant och begripligt. Engagerar barnen i problembaserat och aktivt l\u00e4rande. Visar hur vetenskap, teknik och kreativitet kan f\u00f6r\u00e4ndra v\u00e4rlden till det b\u00e4ttre. Kopplar l\u00e4randet till den verkliga v\u00e4rlden. Stimulerar logiskt t\u00e4nkande, resonemangs- och probleml\u00f6sningsf\u00f6rm\u00e5ga. L\u00e4r barnen t\u00e4nka som en ingenj\u00f6r f\u00f6r att l\u00f6sa tekniska problem. Fr\u00e4mjar spatialt och kreativt t\u00e4nkande.&hellip;&nbsp;<a href=\"https:\/\/growplanet.se\/en\/game-based-learning\/\" class=\"\" rel=\"bookmark\">Read More &raquo;<span class=\"screen-reader-text\">Learning with games<\/span><\/a><\/p>","protected":false},"author":1,"featured_media":0,"parent":0,"menu_order":0,"comment_status":"closed","ping_status":"closed","template":"elementor_header_footer","meta":{"neve_meta_sidebar":"full-width","neve_meta_container":"","neve_meta_enable_content_width":"on","neve_meta_content_width":100,"neve_meta_title_alignment":"","neve_meta_author_avatar":"","neve_post_elements_order":"","neve_meta_disable_header":"","neve_meta_disable_footer":"","neve_meta_disable_title":"","footnotes":""},"yoast_head":"<!-- This site is optimized with the Yoast SEO plugin v21.5 - https:\/\/yoast.com\/wordpress\/plugins\/seo\/ -->\n<title>Learning with Games | Grow Planet<\/title>\n<meta name=\"robots\" content=\"index, follow, max-snippet:-1, max-image-preview:large, max-video-preview:-1\" \/>\n<link rel=\"canonical\" href=\"https:\/\/growplanet.se\/en\/game-based-learning\/\" \/>\n<meta property=\"og:locale\" content=\"en_GB\" \/>\n<meta property=\"og:type\" content=\"article\" \/>\n<meta property=\"og:title\" content=\"Spelbaserat l\u00e4rande | Grow Planet\" \/>\n<meta property=\"og:description\" content=\"G\u00f6r vetenskap och teknik sp\u00e4nnande, relevant och begripligt. Engagerar barnen i problembaserat och aktivt l\u00e4rande. Visar hur vetenskap, teknik och kreativitet kan f\u00f6r\u00e4ndra v\u00e4rlden till det b\u00e4ttre. Kopplar l\u00e4randet till den verkliga v\u00e4rlden. Stimulerar logiskt t\u00e4nkande, resonemangs- och probleml\u00f6sningsf\u00f6rm\u00e5ga. L\u00e4r barnen t\u00e4nka som en ingenj\u00f6r f\u00f6r att l\u00f6sa tekniska problem. Fr\u00e4mjar spatialt och kreativt t\u00e4nkande.&hellip;&nbsp;Read More &raquo;Spelbaserat l\u00e4rande\" \/>\n<meta property=\"og:url\" content=\"https:\/\/growplanet.se\/en\/game-based-learning\/\" \/>\n<meta property=\"og:site_name\" content=\"Grow Planet\" \/>\n<meta property=\"article:publisher\" content=\"https:\/\/www.facebook.com\/GrowPlanetEducation\" \/>\n<meta property=\"article:modified_time\" content=\"2023-11-23T09:19:34+00:00\" \/>\n<meta property=\"og:image\" content=\"https:\/\/growplanet.se\/wp-content\/uploads\/2022\/03\/water-valley.jpg\" \/>\n<meta name=\"twitter:card\" content=\"summary_large_image\" \/>\n<meta name=\"twitter:site\" content=\"@GrowPlanetEdu\" \/>\n<meta name=\"twitter:label1\" content=\"Estimated reading time\" \/>\n\t<meta name=\"twitter:data1\" content=\"7 minutes\" \/>\n<script type=\"application\/ld+json\" class=\"yoast-schema-graph\">{\"@context\":\"https:\/\/schema.org\",\"@graph\":[{\"@type\":\"WebPage\",\"@id\":\"https:\/\/growplanet.se\/game-based-learning\/\",\"url\":\"https:\/\/growplanet.se\/game-based-learning\/\",\"name\":\"Spelbaserat l\u00e4rande | Grow Planet\",\"isPartOf\":{\"@id\":\"https:\/\/growplanet.se\/#website\"},\"datePublished\":\"2023-09-25T15:56:12+00:00\",\"dateModified\":\"2023-11-23T09:19:34+00:00\",\"breadcrumb\":{\"@id\":\"https:\/\/growplanet.se\/game-based-learning\/#breadcrumb\"},\"inLanguage\":\"en-GB\",\"potentialAction\":[{\"@type\":\"ReadAction\",\"target\":[\"https:\/\/growplanet.se\/game-based-learning\/\"]}]},{\"@type\":\"BreadcrumbList\",\"@id\":\"https:\/\/growplanet.se\/game-based-learning\/#breadcrumb\",\"itemListElement\":[{\"@type\":\"ListItem\",\"position\":1,\"name\":\"Home\",\"item\":\"https:\/\/growplanet.se\/sv\/\"},{\"@type\":\"ListItem\",\"position\":2,\"name\":\"Spelbaserat l\u00e4rande\"}]},{\"@type\":\"WebSite\",\"@id\":\"https:\/\/growplanet.se\/#website\",\"url\":\"https:\/\/growplanet.se\/\",\"name\":\"Grow Planet\",\"description\":\"\",\"publisher\":{\"@id\":\"https:\/\/growplanet.se\/#organization\"},\"potentialAction\":[{\"@type\":\"SearchAction\",\"target\":{\"@type\":\"EntryPoint\",\"urlTemplate\":\"https:\/\/growplanet.se\/?s={search_term_string}\"},\"query-input\":\"required name=search_term_string\"}],\"inLanguage\":\"en-GB\"},{\"@type\":\"Organization\",\"@id\":\"https:\/\/growplanet.se\/#organization\",\"name\":\"Gro Play\",\"url\":\"https:\/\/growplanet.se\/\",\"logo\":{\"@type\":\"ImageObject\",\"inLanguage\":\"en-GB\",\"@id\":\"https:\/\/growplanet.se\/#\/schema\/logo\/image\/\",\"url\":\"https:\/\/growplanet.se\/wp-content\/uploads\/2020\/08\/growplanet_logo_square.png\",\"contentUrl\":\"https:\/\/growplanet.se\/wp-content\/uploads\/2020\/08\/growplanet_logo_square.png\",\"width\":250,\"height\":250,\"caption\":\"Gro Play\"},\"image\":{\"@id\":\"https:\/\/growplanet.se\/#\/schema\/logo\/image\/\"},\"sameAs\":[\"https:\/\/www.facebook.com\/GrowPlanetEducation\",\"https:\/\/twitter.com\/GrowPlanetEdu\"]}]}<\/script>\n<!-- \/ Yoast SEO plugin. -->","yoast_head_json":{"title":"Learning with Games | Grow Planet","robots":{"index":"index","follow":"follow","max-snippet":"max-snippet:-1","max-image-preview":"max-image-preview:large","max-video-preview":"max-video-preview:-1"},"canonical":"https:\/\/growplanet.se\/en\/game-based-learning\/","og_locale":"en_GB","og_type":"article","og_title":"Spelbaserat l\u00e4rande | Grow Planet","og_description":"G\u00f6r vetenskap och teknik sp\u00e4nnande, relevant och begripligt. Engagerar barnen i problembaserat och aktivt l\u00e4rande. Visar hur vetenskap, teknik och kreativitet kan f\u00f6r\u00e4ndra v\u00e4rlden till det b\u00e4ttre. Kopplar l\u00e4randet till den verkliga v\u00e4rlden. Stimulerar logiskt t\u00e4nkande, resonemangs- och probleml\u00f6sningsf\u00f6rm\u00e5ga. L\u00e4r barnen t\u00e4nka som en ingenj\u00f6r f\u00f6r att l\u00f6sa tekniska problem. Fr\u00e4mjar spatialt och kreativt t\u00e4nkande.&hellip;&nbsp;Read More &raquo;Spelbaserat l\u00e4rande","og_url":"https:\/\/growplanet.se\/en\/game-based-learning\/","og_site_name":"Grow Planet","article_publisher":"https:\/\/www.facebook.com\/GrowPlanetEducation","article_modified_time":"2023-11-23T09:19:34+00:00","og_image":[{"url":"https:\/\/growplanet.se\/wp-content\/uploads\/2022\/03\/water-valley.jpg"}],"twitter_card":"summary_large_image","twitter_site":"@GrowPlanetEdu","twitter_misc":{"Estimated reading time":"7 minutes"},"schema":{"@context":"https:\/\/schema.org","@graph":[{"@type":"WebPage","@id":"https:\/\/growplanet.se\/game-based-learning\/","url":"https:\/\/growplanet.se\/game-based-learning\/","name":"Spelbaserat l\u00e4rande | Grow Planet","isPartOf":{"@id":"https:\/\/growplanet.se\/#website"},"datePublished":"2023-09-25T15:56:12+00:00","dateModified":"2023-11-23T09:19:34+00:00","breadcrumb":{"@id":"https:\/\/growplanet.se\/game-based-learning\/#breadcrumb"},"inLanguage":"en-GB","potentialAction":[{"@type":"ReadAction","target":["https:\/\/growplanet.se\/game-based-learning\/"]}]},{"@type":"BreadcrumbList","@id":"https:\/\/growplanet.se\/game-based-learning\/#breadcrumb","itemListElement":[{"@type":"ListItem","position":1,"name":"Home","item":"https:\/\/growplanet.se\/sv\/"},{"@type":"ListItem","position":2,"name":"Spelbaserat l\u00e4rande"}]},{"@type":"WebSite","@id":"https:\/\/growplanet.se\/#website","url":"https:\/\/growplanet.se\/","name":"Grow Planet","description":"","publisher":{"@id":"https:\/\/growplanet.se\/#organization"},"potentialAction":[{"@type":"SearchAction","target":{"@type":"EntryPoint","urlTemplate":"https:\/\/growplanet.se\/?s={search_term_string}"},"query-input":"required name=search_term_string"}],"inLanguage":"en-GB"},{"@type":"Organization","@id":"https:\/\/growplanet.se\/#organization","name":"Gro Play","url":"https:\/\/growplanet.se\/","logo":{"@type":"ImageObject","inLanguage":"en-GB","@id":"https:\/\/growplanet.se\/#\/schema\/logo\/image\/","url":"https:\/\/growplanet.se\/wp-content\/uploads\/2020\/08\/growplanet_logo_square.png","contentUrl":"https:\/\/growplanet.se\/wp-content\/uploads\/2020\/08\/growplanet_logo_square.png","width":250,"height":250,"caption":"Gro Play"},"image":{"@id":"https:\/\/growplanet.se\/#\/schema\/logo\/image\/"},"sameAs":["https:\/\/www.facebook.com\/GrowPlanetEducation","https:\/\/twitter.com\/GrowPlanetEdu"]}]}},"_links":{"self":[{"href":"https:\/\/growplanet.se\/en\/wp-json\/wp\/v2\/pages\/2663"}],"collection":[{"href":"https:\/\/growplanet.se\/en\/wp-json\/wp\/v2\/pages"}],"about":[{"href":"https:\/\/growplanet.se\/en\/wp-json\/wp\/v2\/types\/page"}],"author":[{"embeddable":true,"href":"https:\/\/growplanet.se\/en\/wp-json\/wp\/v2\/users\/1"}],"replies":[{"embeddable":true,"href":"https:\/\/growplanet.se\/en\/wp-json\/wp\/v2\/comments?post=2663"}],"version-history":[{"count":53,"href":"https:\/\/growplanet.se\/en\/wp-json\/wp\/v2\/pages\/2663\/revisions"}],"predecessor-version":[{"id":3408,"href":"https:\/\/growplanet.se\/en\/wp-json\/wp\/v2\/pages\/2663\/revisions\/3408"}],"wp:attachment":[{"href":"https:\/\/growplanet.se\/en\/wp-json\/wp\/v2\/media?parent=2663"}],"curies":[{"name":"wp","href":"https:\/\/api.w.org\/{rel}","templated":true}]}}