{"id":750,"date":"2022-09-05T10:53:28","date_gmt":"2022-09-05T08:53:28","guid":{"rendered":"https:\/\/growplanet.se\/?page_id=750"},"modified":"2023-10-18T19:12:41","modified_gmt":"2023-10-18T17:12:41","slug":"play-test","status":"publish","type":"page","link":"https:\/\/growplanet.se\/en\/play-test\/","title":{"rendered":"Play Test"},"content":{"rendered":"<div data-elementor-type=\"wp-page\" data-elementor-id=\"750\" class=\"elementor elementor-750\">\n\t\t\t\t\t\t\t\t\t<section class=\"elementor-section elementor-top-section elementor-element elementor-element-84a106a elementor-section-boxed elementor-section-height-default elementor-section-height-default\" data-id=\"84a106a\" data-element_type=\"section\">\n\t\t\t\t\t\t<div class=\"elementor-container elementor-column-gap-default\">\n\t\t\t\t\t<div class=\"elementor-column elementor-col-100 elementor-top-column elementor-element elementor-element-11e1540\" data-id=\"11e1540\" data-element_type=\"column\">\n\t\t\t<div class=\"elementor-widget-wrap elementor-element-populated\">\n\t\t\t\t\t\t\t\t<div class=\"elementor-element elementor-element-d5e9972 elementor-widget elementor-widget-heading\" data-id=\"d5e9972\" data-element_type=\"widget\" data-widget_type=\"heading.default\">\n\t\t\t\t<div class=\"elementor-widget-container\">\n\t\t\t<h1 class=\"elementor-heading-title elementor-size-default\">Be fearless of failure and start learning by doing<\/h1>\t\t<\/div>\n\t\t\t\t<\/div>\n\t\t\t\t<div class=\"elementor-element elementor-element-3980d06 elementor-widget elementor-widget-text-editor\" data-id=\"3980d06\" data-element_type=\"widget\" data-widget_type=\"text-editor.default\">\n\t\t\t\t<div class=\"elementor-widget-container\">\n\t\t\t\t\t\t\t<p><span style=\"color: #272727;\"><strong>You have free rein to experiment, fail, try again, develop resilience, problem solve, and eventually succeed.<\/strong><\/span><\/p><p><span style=\"color: red;\">Please note<\/span> that the data takes a few seconds to load and requires a web browser on a computer.<\/p>\t\t\t\t\t\t<\/div>\n\t\t\t\t<\/div>\n\t\t\t\t\t<\/div>\n\t\t<\/div>\n\t\t\t\t\t\t\t<\/div>\n\t\t<\/section>\n\t\t\t\t<section class=\"elementor-section elementor-top-section elementor-element elementor-element-c826c9c elementor-section-boxed elementor-section-height-default elementor-section-height-default\" data-id=\"c826c9c\" data-element_type=\"section\">\n\t\t\t\t\t\t<div class=\"elementor-container elementor-column-gap-default\">\n\t\t\t\t\t<div class=\"elementor-column elementor-col-100 elementor-top-column elementor-element elementor-element-7d1d2e4\" data-id=\"7d1d2e4\" data-element_type=\"column\">\n\t\t\t<div class=\"elementor-widget-wrap elementor-element-populated\">\n\t\t\t\t\t\t\t\t<div class=\"elementor-element elementor-element-46cfc91 elementor-widget elementor-widget-html\" data-id=\"46cfc91\" data-element_type=\"widget\" data-widget_type=\"html.default\">\n\t\t\t\t<div class=\"elementor-widget-container\">\n\t\t\t<head><meta name=\"referrer\" content=\"unsafe-url\"><\/head>\t\t<\/div>\n\t\t\t\t<\/div>\n\t\t\t\t\t<\/div>\n\t\t<\/div>\n\t\t\t\t\t\t\t<\/div>\n\t\t<\/section>\n\t\t\t\t<section class=\"elementor-section elementor-top-section elementor-element elementor-element-283f92d elementor-section-boxed elementor-section-height-default elementor-section-height-default\" data-id=\"283f92d\" data-element_type=\"section\">\n\t\t\t\t\t\t<div class=\"elementor-container elementor-column-gap-default\">\n\t\t\t\t\t<div class=\"elementor-column elementor-col-100 elementor-top-column elementor-element elementor-element-f6c0fc7\" data-id=\"f6c0fc7\" data-element_type=\"column\">\n\t\t\t<div class=\"elementor-widget-wrap elementor-element-populated\">\n\t\t\t\t\t\t\t\t<div class=\"elementor-element elementor-element-6c7af7c elementor-widget elementor-widget-image\" data-id=\"6c7af7c\" data-element_type=\"widget\" data-no-translation=\"\" data-widget_type=\"image.default\">\n\t\t\t\t<div class=\"elementor-widget-container\">\n\t\t\t<style>.elementor-element-6c7af7c{display:none !important}<\/style>\t\t<\/div>\n\t\t\t\t<\/div>\n\t\t\t\t<div class=\"elementor-element elementor-element-d3ba7b5 elementor-widget elementor-widget-image\" data-id=\"d3ba7b5\" data-element_type=\"widget\" data-no-translation=\"\" data-widget_type=\"image.default\">\n\t\t\t\t<div class=\"elementor-widget-container\">\n\t\t\t\t\t\t\t\t\t\t\t\t\t\t\t\t<a href=\"https:\/\/groplay.com\/web-games\/ProgrammingModule#Programming&#038;Stage_PickUp_4\">\n\t\t\t\t\t\t\t<img loading=\"lazy\" decoding=\"async\" width=\"800\" height=\"484\" src=\"https:\/\/growplanet.se\/wp-content\/uploads\/2022\/10\/ENG-Programming-tutorial.gif\" class=\"attachment-full size-full wp-image-982\" alt=\"\" \/>\t\t\t\t\t\t\t\t<\/a>\n\t\t\t\t\t\t\t\t\t\t\t\t\t\t\t<\/div>\n\t\t\t\t<\/div>\n\t\t\t\t<div class=\"elementor-element elementor-element-21f5d08 elementor-widget elementor-widget-heading\" data-id=\"21f5d08\" data-element_type=\"widget\" data-widget_type=\"heading.default\">\n\t\t\t\t<div class=\"elementor-widget-container\">\n\t\t\t<h3 class=\"elementor-heading-title elementor-size-default\">Programming<\/h3>\t\t<\/div>\n\t\t\t\t<\/div>\n\t\t\t\t<div class=\"elementor-element elementor-element-14adb3d elementor-widget elementor-widget-heading\" data-id=\"14adb3d\" data-element_type=\"widget\" data-widget_type=\"heading.default\">\n\t\t\t\t<div class=\"elementor-widget-container\">\n\t\t\t<h4 class=\"elementor-heading-title elementor-size-default\">Harvest Carrots \u2013 Pick up coding skills and programming logic.\u200b<\/h4>\t\t<\/div>\n\t\t\t\t<\/div>\n\t\t\t\t<div class=\"elementor-element elementor-element-1bc3edd elementor-widget elementor-widget-text-editor\" data-id=\"1bc3edd\" data-element_type=\"widget\" data-widget_type=\"text-editor.default\">\n\t\t\t\t<div class=\"elementor-widget-container translation-block\"><span style=\"color: red\">Note:<\/span> See the tutorial above to understand how to interact with the game.\u200b<\/div>\n\t\t\t\t<\/div>\n\t\t\t\t<div class=\"elementor-element elementor-element-af25206 elementor-align-left elementor-widget elementor-widget-button\" data-id=\"af25206\" data-element_type=\"widget\" data-widget_type=\"button.default\">\n\t\t\t\t<div class=\"elementor-widget-container\">\n\t\t\t\t\t<div class=\"elementor-button-wrapper\">\n\t\t\t<a class=\"elementor-button elementor-button-link elementor-size-md\" href=\"https:\/\/groplay.com\/web-games\/ProgrammingModule#Programming&amp;Stage_PickUp_4\">\n\t\t\t\t\t\t<span class=\"elementor-button-content-wrapper\">\n\t\t\t\t\t\t<span class=\"elementor-button-icon elementor-align-icon-right\">\n\t\t\t\t<i aria-hidden=\"true\" class=\"fas fa-play\"><\/i>\t\t\t<\/span>\n\t\t\t\t\t\t<span class=\"elementor-button-text\">Start<\/span>\n\t\t<\/span>\n\t\t\t\t\t<\/a>\n\t\t<\/div>\n\t\t\t\t<\/div>\n\t\t\t\t<\/div>\n\t\t\t\t\t<\/div>\n\t\t<\/div>\n\t\t\t\t\t\t\t<\/div>\n\t\t<\/section>\n\t\t\t\t<section class=\"elementor-section elementor-top-section elementor-element elementor-element-6e8a1ca elementor-section-boxed elementor-section-height-default elementor-section-height-default\" data-id=\"6e8a1ca\" data-element_type=\"section\">\n\t\t\t\t\t\t<div class=\"elementor-container elementor-column-gap-default\">\n\t\t\t\t\t<div class=\"elementor-column elementor-col-100 elementor-top-column elementor-element elementor-element-a63e5dd\" data-id=\"a63e5dd\" data-element_type=\"column\">\n\t\t\t<div class=\"elementor-widget-wrap elementor-element-populated\">\n\t\t\t\t\t\t\t\t<div class=\"elementor-element elementor-element-0df0870 elementor-widget elementor-widget-image\" data-id=\"0df0870\" data-element_type=\"widget\" data-no-translation=\"\" data-widget_type=\"image.default\">\n\t\t\t\t<div class=\"elementor-widget-container\">\n\t\t\t<style>.elementor-element-0df0870{display:none !important}<\/style>\t\t<\/div>\n\t\t\t\t<\/div>\n\t\t\t\t<div class=\"elementor-element elementor-element-5d69345 elementor-widget elementor-widget-image\" data-id=\"5d69345\" data-element_type=\"widget\" data-no-translation=\"\" data-widget_type=\"image.default\">\n\t\t\t\t<div class=\"elementor-widget-container\">\n\t\t\t\t\t\t\t\t\t\t\t\t\t\t\t\t<a href=\"https:\/\/groplay.com\/web-games\/PhysicsModule#Physics&#038;WaterSaw\">\n\t\t\t\t\t\t\t<img loading=\"lazy\" decoding=\"async\" width=\"800\" height=\"484\" src=\"https:\/\/growplanet.se\/wp-content\/uploads\/2022\/10\/ENG-Sawmill-tutorial-.gif\" class=\"attachment-full size-full wp-image-983\" alt=\"\" \/>\t\t\t\t\t\t\t\t<\/a>\n\t\t\t\t\t\t\t\t\t\t\t\t\t\t\t<\/div>\n\t\t\t\t<\/div>\n\t\t\t\t<div class=\"elementor-element elementor-element-965eb26 elementor-widget elementor-widget-heading\" data-id=\"965eb26\" data-element_type=\"widget\" data-widget_type=\"heading.default\">\n\t\t\t\t<div class=\"elementor-widget-container\">\n\t\t\t<h3 class=\"elementor-heading-title elementor-size-default\">Physics<\/h3>\t\t<\/div>\n\t\t\t\t<\/div>\n\t\t\t\t<div class=\"elementor-element elementor-element-0d4d389 elementor-widget elementor-widget-heading\" data-id=\"0d4d389\" data-element_type=\"widget\" data-widget_type=\"heading.default\">\n\t\t\t\t<div class=\"elementor-widget-container\">\n\t\t\t<h4 class=\"elementor-heading-title elementor-size-default\">Fix the Sawmill \u2013 Engage in deeper learning and create energy in the classroom.\u200b<\/h4>\t\t<\/div>\n\t\t\t\t<\/div>\n\t\t\t\t<div class=\"elementor-element elementor-element-45d3a54 elementor-widget elementor-widget-text-editor\" data-id=\"45d3a54\" data-element_type=\"widget\" data-widget_type=\"text-editor.default\">\n\t\t\t\t<div class=\"elementor-widget-container translation-block\"><span style=\"color: red\">Note:<\/span> See the tutorial above to understand how to interact with the game.\u200b<\/div>\n\t\t\t\t<\/div>\n\t\t\t\t<div class=\"elementor-element elementor-element-dec23b6 elementor-align-left elementor-widget elementor-widget-button\" data-id=\"dec23b6\" data-element_type=\"widget\" data-widget_type=\"button.default\">\n\t\t\t\t<div class=\"elementor-widget-container\">\n\t\t\t\t\t<div class=\"elementor-button-wrapper\">\n\t\t\t<a class=\"elementor-button elementor-button-link elementor-size-md\" href=\"https:\/\/groplay.com\/web-games\/PhysicsModule#Physics&amp;WaterSaw\">\n\t\t\t\t\t\t<span class=\"elementor-button-content-wrapper\">\n\t\t\t\t\t\t<span class=\"elementor-button-icon elementor-align-icon-right\">\n\t\t\t\t<i aria-hidden=\"true\" class=\"fas fa-play\"><\/i>\t\t\t<\/span>\n\t\t\t\t\t\t<span class=\"elementor-button-text\">Start<\/span>\n\t\t<\/span>\n\t\t\t\t\t<\/a>\n\t\t<\/div>\n\t\t\t\t<\/div>\n\t\t\t\t<\/div>\n\t\t\t\t\t<\/div>\n\t\t<\/div>\n\t\t\t\t\t\t\t<\/div>\n\t\t<\/section>\n\t\t\t\t<section class=\"elementor-section elementor-top-section elementor-element elementor-element-a0d30a3 elementor-section-boxed elementor-section-height-default elementor-section-height-default\" data-id=\"a0d30a3\" data-element_type=\"section\">\n\t\t\t\t\t\t<div class=\"elementor-container elementor-column-gap-default\">\n\t\t\t\t\t<div class=\"elementor-column elementor-col-100 elementor-top-column elementor-element elementor-element-47c8999\" data-id=\"47c8999\" data-element_type=\"column\">\n\t\t\t<div class=\"elementor-widget-wrap elementor-element-populated\">\n\t\t\t\t\t\t\t\t<div class=\"elementor-element elementor-element-8a678a9 elementor-widget elementor-widget-image\" data-id=\"8a678a9\" data-element_type=\"widget\" data-no-translation=\"\" data-widget_type=\"image.default\">\n\t\t\t\t<div class=\"elementor-widget-container\">\n\t\t\t<style>.elementor-element-8a678a9{display:none !important}<\/style>\t\t<\/div>\n\t\t\t\t<\/div>\n\t\t\t\t<div class=\"elementor-element elementor-element-e5e252e elementor-widget elementor-widget-image\" data-id=\"e5e252e\" data-element_type=\"widget\" data-no-translation=\"\" data-widget_type=\"image.default\">\n\t\t\t\t<div class=\"elementor-widget-container\">\n\t\t\t\t\t\t\t\t\t\t\t\t\t\t\t\t<a href=\"https:\/\/groplay.com\/web-games\/PhysicsModule#Physics&#038;Chapter4_1_Equelibrium1\">\n\t\t\t\t\t\t\t<img loading=\"lazy\" decoding=\"async\" width=\"800\" height=\"484\" src=\"https:\/\/growplanet.se\/wp-content\/uploads\/2022\/10\/ENG-Physics-tutorial.gif\" class=\"attachment-full size-full wp-image-981\" alt=\"\" \/>\t\t\t\t\t\t\t\t<\/a>\n\t\t\t\t\t\t\t\t\t\t\t\t\t\t\t<\/div>\n\t\t\t\t<\/div>\n\t\t\t\t<div class=\"elementor-element elementor-element-8753e3d elementor-widget elementor-widget-heading\" data-id=\"8753e3d\" data-element_type=\"widget\" data-widget_type=\"heading.default\">\n\t\t\t\t<div class=\"elementor-widget-container\">\n\t\t\t<h3 class=\"elementor-heading-title elementor-size-default\">Physics<\/h3>\t\t<\/div>\n\t\t\t\t<\/div>\n\t\t\t\t<div class=\"elementor-element elementor-element-c8b36a0 elementor-widget elementor-widget-heading\" data-id=\"c8b36a0\" data-element_type=\"widget\" data-widget_type=\"heading.default\">\n\t\t\t\t<div class=\"elementor-widget-container\">\n\t\t\t<h4 class=\"elementor-heading-title elementor-size-default\">Combining Forces \u2013 Challenge your understanding of Newton\u2019s laws of motion.\u200b<\/h4>\t\t<\/div>\n\t\t\t\t<\/div>\n\t\t\t\t<div class=\"elementor-element elementor-element-7cfed26 elementor-widget elementor-widget-text-editor\" data-id=\"7cfed26\" data-element_type=\"widget\" data-widget_type=\"text-editor.default\">\n\t\t\t\t<div class=\"elementor-widget-container translation-block\"><span style=\"color: red\">Note:<\/span> See the tutorial above to understand how to interact with the game.\u200b<\/div>\n\t\t\t\t<\/div>\n\t\t\t\t<div class=\"elementor-element elementor-element-1fda0ea elementor-align-left elementor-widget elementor-widget-button\" data-id=\"1fda0ea\" data-element_type=\"widget\" data-widget_type=\"button.default\">\n\t\t\t\t<div class=\"elementor-widget-container\">\n\t\t\t\t\t<div class=\"elementor-button-wrapper\">\n\t\t\t<a class=\"elementor-button elementor-button-link elementor-size-md\" href=\"https:\/\/groplay.com\/web-games\/PhysicsModule#Physics&amp;Chapter4_1_Equelibrium1\">\n\t\t\t\t\t\t<span class=\"elementor-button-content-wrapper\">\n\t\t\t\t\t\t<span class=\"elementor-button-icon elementor-align-icon-right\">\n\t\t\t\t<i aria-hidden=\"true\" class=\"fas fa-play\"><\/i>\t\t\t<\/span>\n\t\t\t\t\t\t<span class=\"elementor-button-text\">Start<\/span>\n\t\t<\/span>\n\t\t\t\t\t<\/a>\n\t\t<\/div>\n\t\t\t\t<\/div>\n\t\t\t\t<\/div>\n\t\t\t\t\t<\/div>\n\t\t<\/div>\n\t\t\t\t\t\t\t<\/div>\n\t\t<\/section>\n\t\t\t\t\t\t\t<\/div>","protected":false},"excerpt":{"rendered":"<p>V\u00e5ga misslyckas och l\u00e4r genom att g\u00f6ra och reflektera Du har fria h\u00e4nder att experimentera, misslyckas, f\u00f6rs\u00f6ka igen, reflektera, hitta l\u00f6sningar och slutligen lyckas. Observera att uppgifterna tar n\u00e5gra sekunder att ladda och kr\u00e4ver en webbl\u00e4sare p\u00e5 en dator. Programmering Sk\u00f6rda mor\u00f6tter \u2013 Plocka upp kodningsf\u00e4rdigheter och programmeringslogik. Obs: Se anvisningarna ovan f\u00f6r att f\u00f6rst\u00e5&hellip;&nbsp;<a href=\"https:\/\/growplanet.se\/en\/play-test\/\" class=\"\" rel=\"bookmark\">Read More &raquo;<span class=\"screen-reader-text\">Play Test<\/span><\/a><\/p>","protected":false},"author":6,"featured_media":0,"parent":0,"menu_order":0,"comment_status":"closed","ping_status":"closed","template":"page-templates\/template-pagebuilder-full-width.php","meta":{"neve_meta_sidebar":"full-width","neve_meta_container":"","neve_meta_enable_content_width":"on","neve_meta_content_width":100,"neve_meta_title_alignment":"","neve_meta_author_avatar":"","neve_post_elements_order":"","neve_meta_disable_header":"","neve_meta_disable_footer":"","neve_meta_disable_title":"","footnotes":""},"yoast_head":"<!-- This site is optimized with the Yoast SEO plugin v21.5 - https:\/\/yoast.com\/wordpress\/plugins\/seo\/ -->\n<title>Play Test | Grow Planet<\/title>\n<meta name=\"robots\" content=\"index, follow, max-snippet:-1, max-image-preview:large, max-video-preview:-1\" \/>\n<link rel=\"canonical\" href=\"https:\/\/growplanet.se\/en\/play-test\/\" \/>\n<meta property=\"og:locale\" content=\"en_GB\" \/>\n<meta property=\"og:type\" content=\"article\" \/>\n<meta property=\"og:title\" content=\"Speltesta | Grow Planet\" \/>\n<meta property=\"og:description\" content=\"V\u00e5ga misslyckas och l\u00e4r genom att g\u00f6ra och reflektera Du har fria h\u00e4nder att experimentera, misslyckas, f\u00f6rs\u00f6ka igen, reflektera, hitta l\u00f6sningar och slutligen lyckas. Observera att uppgifterna tar n\u00e5gra sekunder att ladda och kr\u00e4ver en webbl\u00e4sare p\u00e5 en dator. Programmering Sk\u00f6rda mor\u00f6tter \u2013 Plocka upp kodningsf\u00e4rdigheter och programmeringslogik. Obs: Se anvisningarna ovan f\u00f6r att f\u00f6rst\u00e5&hellip;&nbsp;Read More &raquo;Speltesta\" \/>\n<meta property=\"og:url\" content=\"https:\/\/growplanet.se\/en\/play-test\/\" \/>\n<meta property=\"og:site_name\" content=\"Grow Planet\" \/>\n<meta property=\"article:publisher\" content=\"https:\/\/www.facebook.com\/GrowPlanetEducation\" \/>\n<meta property=\"article:modified_time\" content=\"2023-10-18T17:12:41+00:00\" \/>\n<meta property=\"og:image\" content=\"https:\/\/growplanet.se\/wp-content\/uploads\/2022\/10\/SWE-Programming-tutorial.gif\" \/>\n<meta name=\"twitter:card\" content=\"summary_large_image\" \/>\n<meta name=\"twitter:site\" content=\"@GrowPlanetEdu\" \/>\n<meta name=\"twitter:label1\" content=\"Estimated reading time\" \/>\n\t<meta name=\"twitter:data1\" content=\"2 minutes\" \/>\n<script type=\"application\/ld+json\" class=\"yoast-schema-graph\">{\"@context\":\"https:\/\/schema.org\",\"@graph\":[{\"@type\":\"WebPage\",\"@id\":\"https:\/\/growplanet.se\/play-test\/\",\"url\":\"https:\/\/growplanet.se\/play-test\/\",\"name\":\"Speltesta | Grow Planet\",\"isPartOf\":{\"@id\":\"https:\/\/growplanet.se\/#website\"},\"datePublished\":\"2022-09-05T08:53:28+00:00\",\"dateModified\":\"2023-10-18T17:12:41+00:00\",\"breadcrumb\":{\"@id\":\"https:\/\/growplanet.se\/play-test\/#breadcrumb\"},\"inLanguage\":\"en-GB\",\"potentialAction\":[{\"@type\":\"ReadAction\",\"target\":[\"https:\/\/growplanet.se\/play-test\/\"]}]},{\"@type\":\"BreadcrumbList\",\"@id\":\"https:\/\/growplanet.se\/play-test\/#breadcrumb\",\"itemListElement\":[{\"@type\":\"ListItem\",\"position\":1,\"name\":\"Home\",\"item\":\"https:\/\/growplanet.se\/sv\/\"},{\"@type\":\"ListItem\",\"position\":2,\"name\":\"Speltesta\"}]},{\"@type\":\"WebSite\",\"@id\":\"https:\/\/growplanet.se\/#website\",\"url\":\"https:\/\/growplanet.se\/\",\"name\":\"Grow Planet\",\"description\":\"\",\"publisher\":{\"@id\":\"https:\/\/growplanet.se\/#organization\"},\"potentialAction\":[{\"@type\":\"SearchAction\",\"target\":{\"@type\":\"EntryPoint\",\"urlTemplate\":\"https:\/\/growplanet.se\/?s={search_term_string}\"},\"query-input\":\"required name=search_term_string\"}],\"inLanguage\":\"en-GB\"},{\"@type\":\"Organization\",\"@id\":\"https:\/\/growplanet.se\/#organization\",\"name\":\"Gro Play\",\"url\":\"https:\/\/growplanet.se\/\",\"logo\":{\"@type\":\"ImageObject\",\"inLanguage\":\"en-GB\",\"@id\":\"https:\/\/growplanet.se\/#\/schema\/logo\/image\/\",\"url\":\"https:\/\/growplanet.se\/wp-content\/uploads\/2020\/08\/growplanet_logo_square.png\",\"contentUrl\":\"https:\/\/growplanet.se\/wp-content\/uploads\/2020\/08\/growplanet_logo_square.png\",\"width\":250,\"height\":250,\"caption\":\"Gro Play\"},\"image\":{\"@id\":\"https:\/\/growplanet.se\/#\/schema\/logo\/image\/\"},\"sameAs\":[\"https:\/\/www.facebook.com\/GrowPlanetEducation\",\"https:\/\/twitter.com\/GrowPlanetEdu\"]}]}<\/script>\n<!-- \/ Yoast SEO plugin. -->","yoast_head_json":{"title":"Play Test | Grow Planet","robots":{"index":"index","follow":"follow","max-snippet":"max-snippet:-1","max-image-preview":"max-image-preview:large","max-video-preview":"max-video-preview:-1"},"canonical":"https:\/\/growplanet.se\/en\/play-test\/","og_locale":"en_GB","og_type":"article","og_title":"Speltesta | Grow Planet","og_description":"V\u00e5ga misslyckas och l\u00e4r genom att g\u00f6ra och reflektera Du har fria h\u00e4nder att experimentera, misslyckas, f\u00f6rs\u00f6ka igen, reflektera, hitta l\u00f6sningar och slutligen lyckas. Observera att uppgifterna tar n\u00e5gra sekunder att ladda och kr\u00e4ver en webbl\u00e4sare p\u00e5 en dator. Programmering Sk\u00f6rda mor\u00f6tter \u2013 Plocka upp kodningsf\u00e4rdigheter och programmeringslogik. Obs: Se anvisningarna ovan f\u00f6r att f\u00f6rst\u00e5&hellip;&nbsp;Read More &raquo;Speltesta","og_url":"https:\/\/growplanet.se\/en\/play-test\/","og_site_name":"Grow Planet","article_publisher":"https:\/\/www.facebook.com\/GrowPlanetEducation","article_modified_time":"2023-10-18T17:12:41+00:00","og_image":[{"url":"https:\/\/growplanet.se\/wp-content\/uploads\/2022\/10\/SWE-Programming-tutorial.gif"}],"twitter_card":"summary_large_image","twitter_site":"@GrowPlanetEdu","twitter_misc":{"Estimated reading time":"2 minutes"},"schema":{"@context":"https:\/\/schema.org","@graph":[{"@type":"WebPage","@id":"https:\/\/growplanet.se\/play-test\/","url":"https:\/\/growplanet.se\/play-test\/","name":"Speltesta | Grow Planet","isPartOf":{"@id":"https:\/\/growplanet.se\/#website"},"datePublished":"2022-09-05T08:53:28+00:00","dateModified":"2023-10-18T17:12:41+00:00","breadcrumb":{"@id":"https:\/\/growplanet.se\/play-test\/#breadcrumb"},"inLanguage":"en-GB","potentialAction":[{"@type":"ReadAction","target":["https:\/\/growplanet.se\/play-test\/"]}]},{"@type":"BreadcrumbList","@id":"https:\/\/growplanet.se\/play-test\/#breadcrumb","itemListElement":[{"@type":"ListItem","position":1,"name":"Home","item":"https:\/\/growplanet.se\/sv\/"},{"@type":"ListItem","position":2,"name":"Speltesta"}]},{"@type":"WebSite","@id":"https:\/\/growplanet.se\/#website","url":"https:\/\/growplanet.se\/","name":"Grow Planet","description":"","publisher":{"@id":"https:\/\/growplanet.se\/#organization"},"potentialAction":[{"@type":"SearchAction","target":{"@type":"EntryPoint","urlTemplate":"https:\/\/growplanet.se\/?s={search_term_string}"},"query-input":"required name=search_term_string"}],"inLanguage":"en-GB"},{"@type":"Organization","@id":"https:\/\/growplanet.se\/#organization","name":"Gro Play","url":"https:\/\/growplanet.se\/","logo":{"@type":"ImageObject","inLanguage":"en-GB","@id":"https:\/\/growplanet.se\/#\/schema\/logo\/image\/","url":"https:\/\/growplanet.se\/wp-content\/uploads\/2020\/08\/growplanet_logo_square.png","contentUrl":"https:\/\/growplanet.se\/wp-content\/uploads\/2020\/08\/growplanet_logo_square.png","width":250,"height":250,"caption":"Gro Play"},"image":{"@id":"https:\/\/growplanet.se\/#\/schema\/logo\/image\/"},"sameAs":["https:\/\/www.facebook.com\/GrowPlanetEducation","https:\/\/twitter.com\/GrowPlanetEdu"]}]}},"_links":{"self":[{"href":"https:\/\/growplanet.se\/en\/wp-json\/wp\/v2\/pages\/750"}],"collection":[{"href":"https:\/\/growplanet.se\/en\/wp-json\/wp\/v2\/pages"}],"about":[{"href":"https:\/\/growplanet.se\/en\/wp-json\/wp\/v2\/types\/page"}],"author":[{"embeddable":true,"href":"https:\/\/growplanet.se\/en\/wp-json\/wp\/v2\/users\/6"}],"replies":[{"embeddable":true,"href":"https:\/\/growplanet.se\/en\/wp-json\/wp\/v2\/comments?post=750"}],"version-history":[{"count":245,"href":"https:\/\/growplanet.se\/en\/wp-json\/wp\/v2\/pages\/750\/revisions"}],"predecessor-version":[{"id":3251,"href":"https:\/\/growplanet.se\/en\/wp-json\/wp\/v2\/pages\/750\/revisions\/3251"}],"wp:attachment":[{"href":"https:\/\/growplanet.se\/en\/wp-json\/wp\/v2\/media?parent=750"}],"curies":[{"name":"wp","href":"https:\/\/api.w.org\/{rel}","templated":true}]}}