{"id":1728,"date":"2023-03-31T15:04:58","date_gmt":"2023-03-31T13:04:58","guid":{"rendered":"https:\/\/growplanet.se\/?page_id=1728"},"modified":"2023-10-18T18:57:37","modified_gmt":"2023-10-18T16:57:37","slug":"news","status":"publish","type":"page","link":"https:\/\/growplanet.se\/sv\/news\/","title":{"rendered":"Nyheter"},"content":{"rendered":"\t\t<div data-elementor-type=\"wp-page\" data-elementor-id=\"1728\" class=\"elementor elementor-1728\">\n\t\t\t\t\t\t\t<div class=\"elementor-element elementor-element-bd2c33e e-flex e-con-boxed e-con e-parent\" data-id=\"bd2c33e\" data-element_type=\"container\" data-settings=\"{&quot;content_width&quot;:&quot;boxed&quot;}\" data-no-translation=\"\" data-core-v316-plus=\"true\">\n\t\t\t\t\t<div class=\"e-con-inner\">\n\t\t<div class=\"elementor-element elementor-element-7af3d15 e-con-full e-flex e-con e-child\" data-id=\"7af3d15\" data-element_type=\"container\" data-settings=\"{&quot;content_width&quot;:&quot;full&quot;}\">\n\t\t\t\t<div class=\"elementor-element elementor-element-d315209 elementor-widget elementor-widget-heading\" data-id=\"d315209\" data-element_type=\"widget\" data-widget_type=\"heading.default\">\n\t\t\t\t<div class=\"elementor-widget-container\">\n\t\t\t<h6 class=\"elementor-heading-title elementor-size-default\">2022-12-14<\/h6>\t\t<\/div>\n\t\t\t\t<\/div>\n\t\t\t\t<div class=\"elementor-element elementor-element-f50fb28 elementor-widget elementor-widget-heading\" data-id=\"f50fb28\" data-element_type=\"widget\" data-widget_type=\"heading.default\">\n\t\t\t\t<div class=\"elementor-widget-container\">\n\t\t\t<h2 class=\"elementor-heading-title elementor-size-default\">Nya funktioner f\u00f6r enklare hantering av klasser! <\/h2>\t\t<\/div>\n\t\t\t\t<\/div>\n\t\t\t\t<div class=\"elementor-element elementor-element-de8d47e elementor-widget elementor-widget-text-editor\" data-id=\"de8d47e\" data-element_type=\"widget\" data-widget_type=\"text-editor.default\">\n\t\t\t\t<div class=\"elementor-widget-container\">\n\t\t\t\t\t\t\t<p><span style=\"font-weight: 400;\">Vi har precis lanserat tv\u00e5 nya funktioner som v\u00e5ra anv\u00e4ndare har efterfr\u00e5gat. De kommer att g\u00f6ra det enklare f\u00f6r l\u00e4rare och skolor att hantera sina klasser.<\/span><\/p><p><b>Skoladministration<br \/><\/b><span style=\"color: var( --e-global-color-text ); font-family: var( --e-global-typography-text-font-family ), Sans-serif;\">Valda medlemmar kan nu g\u00f6ras till administrat\u00f6rer f\u00f6r sina skolor. Skoladministrat\u00f6rer kan l\u00e4gga till och ta bort klasser, l\u00e4rare och andra administrat\u00f6rer. Du blir automatiskt administrat\u00f6r f\u00f6r de skolor som du sj\u00e4lv l\u00e4gger till. Kontakta oss om du inte \u00e4r administrat\u00f6r f\u00f6r din skola men tycker att du borde bli det.<\/span><\/p><p><b>Notifieringar<br \/><\/b><span style=\"font-weight: 400;\">Det finns nu en notifikationsfunktion i v\u00e5rt LMS. Klockikonen i det \u00f6vre h\u00f6gra h\u00f6rnet blir r\u00f6d n\u00e4r det finns n\u00e5got du b\u00f6r agera p\u00e5. Exempelvis visas licenser som l\u00f6per ut, l\u00e4rare som ans\u00f6ker om att l\u00e4ggas till i en av dina klasser eller en klass som lagts till i en skola d\u00e4r du \u00e4r administrat\u00f6r. Klicka p\u00e5 klockan f\u00f6r att se dina meddelanden och vidta n\u00f6dv\u00e4ndiga \u00e5tg\u00e4rder.<\/span><\/p><p><span style=\"font-weight: 400;\">De h\u00e4r nya funktionerna g\u00f6r hanteringen av klasser och skolor effektivare. Vi hoppas att de kommer att ge ett merv\u00e4rde. Om du har n\u00e5gra fr\u00e5gor eller feedback \u00e4r du v\u00e4lkommen att <\/span><a href=\"mailto:info@groplay.com\"><span style=\"font-weight: 400;\">kontakta oss<\/span><\/a><span style=\"font-weight: 400;\">.<\/span><\/p>\t\t\t\t\t\t<\/div>\n\t\t\t\t<\/div>\n\t\t\t\t<\/div>\n\t\t<div class=\"elementor-element elementor-element-8814c6f e-con-full e-flex e-con e-child\" data-id=\"8814c6f\" data-element_type=\"container\" data-settings=\"{&quot;content_width&quot;:&quot;full&quot;}\">\n\t\t\t\t<div class=\"elementor-element elementor-element-c6f6e5b elementor-widget elementor-widget-heading\" data-id=\"c6f6e5b\" data-element_type=\"widget\" data-widget_type=\"heading.default\">\n\t\t\t\t<div class=\"elementor-widget-container\">\n\t\t\t<h6 class=\"elementor-heading-title elementor-size-default\">2022-09-29<\/h6>\t\t<\/div>\n\t\t\t\t<\/div>\n\t\t\t\t<div class=\"elementor-element elementor-element-be0213c elementor-widget elementor-widget-heading\" data-id=\"be0213c\" data-element_type=\"widget\" data-widget_type=\"heading.default\">\n\t\t\t\t<div class=\"elementor-widget-container\">\n\t\t\t<h2 class=\"elementor-heading-title elementor-size-default\">Ny funktion f\u00f6r l\u00e4ttare bed\u00f6mning av prestation!<\/h2>\t\t<\/div>\n\t\t\t\t<\/div>\n\t\t\t\t<div class=\"elementor-element elementor-element-980eeb9 elementor-widget elementor-widget-text-editor\" data-id=\"980eeb9\" data-element_type=\"widget\" data-widget_type=\"text-editor.default\">\n\t\t\t\t<div class=\"elementor-widget-container\">\n\t\t\t\t\t\t\t<p><span style=\"font-weight: 400;\">Vi har lagt till en ny funktion i v\u00e5rt Learning Management System (LMS) som g\u00f6r det m\u00f6jligt f\u00f6r l\u00e4rare att se provfr\u00e5gor och svar. Den h\u00e4r uppdateringen g\u00f6r det l\u00e4ttare f\u00f6r l\u00e4rare att bed\u00f6ma elevernas prestation.<\/span><\/p><p><span style=\"font-weight: 400;\">F\u00f6r att f\u00e5 tillg\u00e5ng till denna funktion navigerar du till sidomenyn och klickar p\u00e5 fliken &#8221;Om&#8221; f\u00f6r det prov du vill granska. N\u00e4r du \u00e4r d\u00e4r kan du se alla fr\u00e5gor med deras korrekta svar. Den h\u00e4r nya funktionen kommer att ge l\u00e4rarna en v\u00e4rdefull resurs f\u00f6r att identifiera omr\u00e5den d\u00e4r eleverna kan beh\u00f6va extra hj\u00e4lp och st\u00f6d.<\/span><\/p><p><span style=\"font-weight: 400;\">Vi uppmuntrar er anv\u00e4ndare att prova denna nya funktion och komma med feedback. Den uppskattas och anv\u00e4nds f\u00f6r att bli b\u00e4ttre och ge er en s\u00e5 bra upplevelse som m\u00f6jligt.<\/span><\/p>\t\t\t\t\t\t<\/div>\n\t\t\t\t<\/div>\n\t\t\t\t<\/div>\n\t\t<div class=\"elementor-element elementor-element-36f685e e-con-full e-flex e-con e-child\" data-id=\"36f685e\" data-element_type=\"container\" data-settings=\"{&quot;content_width&quot;:&quot;full&quot;}\">\n\t\t\t\t<div class=\"elementor-element elementor-element-79f736d elementor-widget elementor-widget-heading\" data-id=\"79f736d\" data-element_type=\"widget\" data-widget_type=\"heading.default\">\n\t\t\t\t<div class=\"elementor-widget-container\">\n\t\t\t<h6 class=\"elementor-heading-title elementor-size-default\">2021-06-22 <\/h6>\t\t<\/div>\n\t\t\t\t<\/div>\n\t\t\t\t<div class=\"elementor-element elementor-element-50443b0 elementor-widget elementor-widget-heading\" data-id=\"50443b0\" data-element_type=\"widget\" data-widget_type=\"heading.default\">\n\t\t\t\t<div class=\"elementor-widget-container\">\n\t\t\t<h2 class=\"elementor-heading-title elementor-size-default\">Stor uppdatering \u2013 Ett helt nytt tr\u00e4ningsrum f\u00f6r fysik!<\/h2>\t\t<\/div>\n\t\t\t\t<\/div>\n\t\t\t\t<div class=\"elementor-element elementor-element-aa53b32 elementor-widget elementor-widget-text-editor\" data-id=\"aa53b32\" data-element_type=\"widget\" data-widget_type=\"text-editor.default\">\n\t\t\t\t<div class=\"elementor-widget-container\">\n\t\t\t\t\t\t\t<p><span style=\"font-weight: 400;\">Det nya tr\u00e4ningsrummet ger eleverna m\u00f6jlighet att l\u00f6sa fysikpussel och skapa egna utmaningar att dela med klasskamrater. Tr\u00e4ningsrummet inneh\u00e5ller ett brett utbud av pussel som \u00e4r b\u00e5de utmanande och roliga samt hj\u00e4lper eleverna att utveckla probleml\u00f6sningsf\u00f6rm\u00e5ga och en djupare f\u00f6rst\u00e5else f\u00f6r \u00e4mnet.\u00a0<\/span><\/p><p><span style=\"font-weight: 400;\">Det nya \u00f6vningsomr\u00e5det \u00e4r ett steg fram\u00e5t i det p\u00e5g\u00e5ende arbetet med att g\u00f6ra l\u00e4randet mer engagerande och interaktivt f\u00f6r eleverna. H\u00e5ll \u00f6gonen \u00f6ppna f\u00f6r fler uppdateringar!<\/span><\/p>\t\t\t\t\t\t<\/div>\n\t\t\t\t<\/div>\n\t\t\t\t<\/div>\n\t\t\t\t\t<\/div>\n\t\t\t\t<\/div>\n\t\t\t\t\t\t\t<\/div>\n\t\t","protected":false},"excerpt":{"rendered":"<p>2022-12-14 Nya funktioner f\u00f6r enklare hantering av klasser! Vi har precis lanserat tv\u00e5 nya funktioner som v\u00e5ra anv\u00e4ndare har efterfr\u00e5gat. De kommer att g\u00f6ra det enklare f\u00f6r l\u00e4rare och skolor att hantera sina klasser. Skoladministration Valda medlemmar kan nu g\u00f6ras till administrat\u00f6rer f\u00f6r sina skolor. Skoladministrat\u00f6rer kan l\u00e4gga till och ta bort klasser, l\u00e4rare och&hellip;&nbsp;<a href=\"https:\/\/growplanet.se\/sv\/news\/\" class=\"\" rel=\"bookmark\">L\u00e4s mer &raquo;<span class=\"screen-reader-text\">Nyheter<\/span><\/a><\/p>\n","protected":false},"author":6,"featured_media":0,"parent":0,"menu_order":0,"comment_status":"closed","ping_status":"closed","template":"elementor_header_footer","meta":{"neve_meta_sidebar":"full-width","neve_meta_container":"","neve_meta_enable_content_width":"on","neve_meta_content_width":100,"neve_meta_title_alignment":"","neve_meta_author_avatar":"","neve_post_elements_order":"","neve_meta_disable_header":"","neve_meta_disable_footer":"","neve_meta_disable_title":"","footnotes":""},"yoast_head":"<!-- This site is optimized with the Yoast SEO plugin v21.5 - https:\/\/yoast.com\/wordpress\/plugins\/seo\/ -->\n<title>Nyheter | Grow Planet<\/title>\n<meta name=\"robots\" content=\"index, follow, max-snippet:-1, max-image-preview:large, max-video-preview:-1\" \/>\n<link rel=\"canonical\" href=\"https:\/\/growplanet.se\/sv\/news\/\" \/>\n<meta property=\"og:locale\" content=\"sv_SE\" \/>\n<meta property=\"og:type\" content=\"article\" \/>\n<meta property=\"og:title\" content=\"Nyheter | Grow Planet\" \/>\n<meta property=\"og:description\" content=\"2022-12-14 Nya funktioner f\u00f6r enklare hantering av klasser! Vi har precis lanserat tv\u00e5 nya funktioner som v\u00e5ra anv\u00e4ndare har efterfr\u00e5gat. De kommer att g\u00f6ra det enklare f\u00f6r l\u00e4rare och skolor att hantera sina klasser. Skoladministration Valda medlemmar kan nu g\u00f6ras till administrat\u00f6rer f\u00f6r sina skolor. Skoladministrat\u00f6rer kan l\u00e4gga till och ta bort klasser, l\u00e4rare och&hellip;&nbsp;L\u00e4s mer &raquo;Nyheter\" \/>\n<meta property=\"og:url\" content=\"https:\/\/growplanet.se\/sv\/news\/\" \/>\n<meta property=\"og:site_name\" content=\"Grow Planet\" \/>\n<meta property=\"article:publisher\" content=\"https:\/\/www.facebook.com\/GrowPlanetEducation\" \/>\n<meta property=\"article:modified_time\" content=\"2023-10-18T16:57:37+00:00\" \/>\n<meta property=\"og:image\" content=\"https:\/\/growplanet.se\/wp-content\/uploads\/2023\/01\/growplanet_logo_2rows_centered_shadow.png\" \/>\n\t<meta property=\"og:image:width\" content=\"200\" \/>\n\t<meta property=\"og:image:height\" content=\"96\" \/>\n\t<meta property=\"og:image:type\" content=\"image\/png\" \/>\n<meta name=\"twitter:card\" content=\"summary_large_image\" \/>\n<meta name=\"twitter:site\" content=\"@GrowPlanetEdu\" \/>\n<meta name=\"twitter:label1\" content=\"Ber\u00e4knad l\u00e4stid\" \/>\n\t<meta name=\"twitter:data1\" content=\"4 minuter\" \/>\n<script type=\"application\/ld+json\" class=\"yoast-schema-graph\">{\"@context\":\"https:\/\/schema.org\",\"@graph\":[{\"@type\":\"WebPage\",\"@id\":\"https:\/\/growplanet.se\/news\/\",\"url\":\"https:\/\/growplanet.se\/news\/\",\"name\":\"Nyheter | Grow Planet\",\"isPartOf\":{\"@id\":\"https:\/\/growplanet.se\/#website\"},\"datePublished\":\"2023-03-31T13:04:58+00:00\",\"dateModified\":\"2023-10-18T16:57:37+00:00\",\"breadcrumb\":{\"@id\":\"https:\/\/growplanet.se\/news\/#breadcrumb\"},\"inLanguage\":\"sv-SE\",\"potentialAction\":[{\"@type\":\"ReadAction\",\"target\":[\"https:\/\/growplanet.se\/news\/\"]}]},{\"@type\":\"BreadcrumbList\",\"@id\":\"https:\/\/growplanet.se\/news\/#breadcrumb\",\"itemListElement\":[{\"@type\":\"ListItem\",\"position\":1,\"name\":\"Home\",\"item\":\"https:\/\/growplanet.se\/sv\/\"},{\"@type\":\"ListItem\",\"position\":2,\"name\":\"Nyheter\"}]},{\"@type\":\"WebSite\",\"@id\":\"https:\/\/growplanet.se\/#website\",\"url\":\"https:\/\/growplanet.se\/\",\"name\":\"Grow Planet\",\"description\":\"\",\"publisher\":{\"@id\":\"https:\/\/growplanet.se\/#organization\"},\"potentialAction\":[{\"@type\":\"SearchAction\",\"target\":{\"@type\":\"EntryPoint\",\"urlTemplate\":\"https:\/\/growplanet.se\/?s={search_term_string}\"},\"query-input\":\"required name=search_term_string\"}],\"inLanguage\":\"sv-SE\"},{\"@type\":\"Organization\",\"@id\":\"https:\/\/growplanet.se\/#organization\",\"name\":\"Gro Play\",\"url\":\"https:\/\/growplanet.se\/\",\"logo\":{\"@type\":\"ImageObject\",\"inLanguage\":\"sv-SE\",\"@id\":\"https:\/\/growplanet.se\/#\/schema\/logo\/image\/\",\"url\":\"https:\/\/growplanet.se\/wp-content\/uploads\/2020\/08\/growplanet_logo_square.png\",\"contentUrl\":\"https:\/\/growplanet.se\/wp-content\/uploads\/2020\/08\/growplanet_logo_square.png\",\"width\":250,\"height\":250,\"caption\":\"Gro Play\"},\"image\":{\"@id\":\"https:\/\/growplanet.se\/#\/schema\/logo\/image\/\"},\"sameAs\":[\"https:\/\/www.facebook.com\/GrowPlanetEducation\",\"https:\/\/twitter.com\/GrowPlanetEdu\"]}]}<\/script>\n<!-- \/ Yoast SEO plugin. -->","yoast_head_json":{"title":"Nyheter | Grow Planet","robots":{"index":"index","follow":"follow","max-snippet":"max-snippet:-1","max-image-preview":"max-image-preview:large","max-video-preview":"max-video-preview:-1"},"canonical":"https:\/\/growplanet.se\/sv\/news\/","og_locale":"sv_SE","og_type":"article","og_title":"Nyheter | Grow Planet","og_description":"2022-12-14 Nya funktioner f\u00f6r enklare hantering av klasser! Vi har precis lanserat tv\u00e5 nya funktioner som v\u00e5ra anv\u00e4ndare har efterfr\u00e5gat. De kommer att g\u00f6ra det enklare f\u00f6r l\u00e4rare och skolor att hantera sina klasser. Skoladministration Valda medlemmar kan nu g\u00f6ras till administrat\u00f6rer f\u00f6r sina skolor. Skoladministrat\u00f6rer kan l\u00e4gga till och ta bort klasser, l\u00e4rare och&hellip;&nbsp;L\u00e4s mer &raquo;Nyheter","og_url":"https:\/\/growplanet.se\/sv\/news\/","og_site_name":"Grow Planet","article_publisher":"https:\/\/www.facebook.com\/GrowPlanetEducation","article_modified_time":"2023-10-18T16:57:37+00:00","og_image":[{"width":200,"height":96,"url":"https:\/\/growplanet.se\/wp-content\/uploads\/2023\/01\/growplanet_logo_2rows_centered_shadow.png","type":"image\/png"}],"twitter_card":"summary_large_image","twitter_site":"@GrowPlanetEdu","twitter_misc":{"Ber\u00e4knad l\u00e4stid":"4 minuter"},"schema":{"@context":"https:\/\/schema.org","@graph":[{"@type":"WebPage","@id":"https:\/\/growplanet.se\/news\/","url":"https:\/\/growplanet.se\/news\/","name":"Nyheter | Grow Planet","isPartOf":{"@id":"https:\/\/growplanet.se\/#website"},"datePublished":"2023-03-31T13:04:58+00:00","dateModified":"2023-10-18T16:57:37+00:00","breadcrumb":{"@id":"https:\/\/growplanet.se\/news\/#breadcrumb"},"inLanguage":"sv-SE","potentialAction":[{"@type":"ReadAction","target":["https:\/\/growplanet.se\/news\/"]}]},{"@type":"BreadcrumbList","@id":"https:\/\/growplanet.se\/news\/#breadcrumb","itemListElement":[{"@type":"ListItem","position":1,"name":"Home","item":"https:\/\/growplanet.se\/sv\/"},{"@type":"ListItem","position":2,"name":"Nyheter"}]},{"@type":"WebSite","@id":"https:\/\/growplanet.se\/#website","url":"https:\/\/growplanet.se\/","name":"Grow Planet","description":"","publisher":{"@id":"https:\/\/growplanet.se\/#organization"},"potentialAction":[{"@type":"SearchAction","target":{"@type":"EntryPoint","urlTemplate":"https:\/\/growplanet.se\/?s={search_term_string}"},"query-input":"required name=search_term_string"}],"inLanguage":"sv-SE"},{"@type":"Organization","@id":"https:\/\/growplanet.se\/#organization","name":"Gro Play","url":"https:\/\/growplanet.se\/","logo":{"@type":"ImageObject","inLanguage":"sv-SE","@id":"https:\/\/growplanet.se\/#\/schema\/logo\/image\/","url":"https:\/\/growplanet.se\/wp-content\/uploads\/2020\/08\/growplanet_logo_square.png","contentUrl":"https:\/\/growplanet.se\/wp-content\/uploads\/2020\/08\/growplanet_logo_square.png","width":250,"height":250,"caption":"Gro Play"},"image":{"@id":"https:\/\/growplanet.se\/#\/schema\/logo\/image\/"},"sameAs":["https:\/\/www.facebook.com\/GrowPlanetEducation","https:\/\/twitter.com\/GrowPlanetEdu"]}]}},"_links":{"self":[{"href":"https:\/\/growplanet.se\/sv\/wp-json\/wp\/v2\/pages\/1728"}],"collection":[{"href":"https:\/\/growplanet.se\/sv\/wp-json\/wp\/v2\/pages"}],"about":[{"href":"https:\/\/growplanet.se\/sv\/wp-json\/wp\/v2\/types\/page"}],"author":[{"embeddable":true,"href":"https:\/\/growplanet.se\/sv\/wp-json\/wp\/v2\/users\/6"}],"replies":[{"embeddable":true,"href":"https:\/\/growplanet.se\/sv\/wp-json\/wp\/v2\/comments?post=1728"}],"version-history":[{"count":74,"href":"https:\/\/growplanet.se\/sv\/wp-json\/wp\/v2\/pages\/1728\/revisions"}],"predecessor-version":[{"id":3242,"href":"https:\/\/growplanet.se\/sv\/wp-json\/wp\/v2\/pages\/1728\/revisions\/3242"}],"wp:attachment":[{"href":"https:\/\/growplanet.se\/sv\/wp-json\/wp\/v2\/media?parent=1728"}],"curies":[{"name":"wp","href":"https:\/\/api.w.org\/{rel}","templated":true}]}}