{"id":2637,"date":"2023-09-25T17:38:07","date_gmt":"2023-09-25T15:38:07","guid":{"rendered":"https:\/\/growplanet.se\/?page_id=2637"},"modified":"2023-11-23T10:21:41","modified_gmt":"2023-11-23T09:21:41","slug":"steam","status":"publish","type":"page","link":"https:\/\/growplanet.se\/sv\/steam\/","title":{"rendered":"STEAM-utbildning"},"content":{"rendered":"\t\t<div data-elementor-type=\"wp-page\" data-elementor-id=\"2637\" class=\"elementor elementor-2637\">\n\t\t\t\t\t\t\t<div class=\"elementor-element elementor-element-e36c5cb e-flex e-con-boxed e-con e-parent\" data-id=\"e36c5cb\" data-element_type=\"container\" data-settings=\"{&quot;content_width&quot;:&quot;boxed&quot;}\" data-core-v316-plus=\"true\">\n\t\t\t\t\t<div class=\"e-con-inner\">\n\t\t\t\t<div class=\"elementor-element elementor-element-2f665ca0 elementor-arrows-position-inside elementor-pagination-position-outside elementor-widget elementor-widget-image-carousel\" data-id=\"2f665ca0\" data-element_type=\"widget\" data-settings=\"{&quot;slides_to_show&quot;:&quot;1&quot;,&quot;autoplay_speed&quot;:10000,&quot;navigation&quot;:&quot;both&quot;,&quot;autoplay&quot;:&quot;yes&quot;,&quot;pause_on_hover&quot;:&quot;yes&quot;,&quot;pause_on_interaction&quot;:&quot;yes&quot;,&quot;infinite&quot;:&quot;yes&quot;,&quot;effect&quot;:&quot;slide&quot;,&quot;speed&quot;:500}\" data-widget_type=\"image-carousel.default\">\n\t\t\t\t<div class=\"elementor-widget-container\">\n\t\t\t\t\t<div class=\"elementor-image-carousel-wrapper swiper-container\" dir=\"ltr\">\n\t\t\t<div class=\"elementor-image-carousel swiper-wrapper swiper-image-stretch\" aria-live=\"off\">\n\t\t\t\t\t\t\t\t<div class=\"swiper-slide\" role=\"group\" aria-roledescription=\"slide\" aria-label=\"1 av 7\"><figure class=\"swiper-slide-inner\"><img decoding=\"async\" class=\"swiper-slide-image\" src=\"https:\/\/growplanet.se\/wp-content\/uploads\/2022\/03\/water-valley.jpg\" alt=\"G\u00f6r vetenskap och teknik sp\u00e4nnande, relevant och begripligt.\" \/><figcaption class=\"elementor-image-carousel-caption\">G\u00f6r vetenskap och teknik sp\u00e4nnande, relevant och begripligt.<\/figcaption><\/figure><\/div><div class=\"swiper-slide\" role=\"group\" aria-roledescription=\"slide\" aria-label=\"2 av 7\"><figure class=\"swiper-slide-inner\"><img decoding=\"async\" class=\"swiper-slide-image\" src=\"https:\/\/growplanet.se\/wp-content\/uploads\/2022\/03\/PHYSICS.jpg\" alt=\"Engagerar barnen i problembaserat och aktivt l\u00e4rande.\" \/><figcaption class=\"elementor-image-carousel-caption\">Engagerar barnen i problembaserat och aktivt l\u00e4rande.<\/figcaption><\/figure><\/div><div class=\"swiper-slide\" role=\"group\" aria-roledescription=\"slide\" aria-label=\"3 av 7\"><figure class=\"swiper-slide-inner\"><img decoding=\"async\" class=\"swiper-slide-image\" src=\"https:\/\/growplanet.se\/wp-content\/uploads\/2022\/03\/cliff-island.jpg\" alt=\"Visar hur vetenskap, teknik och kreativitet kan f\u00f6r\u00e4ndra v\u00e4rlden till det b\u00e4ttre.\" \/><figcaption class=\"elementor-image-carousel-caption\">Visar hur vetenskap, teknik och kreativitet kan f\u00f6r\u00e4ndra v\u00e4rlden till det b\u00e4ttre.<\/figcaption><\/figure><\/div><div class=\"swiper-slide\" role=\"group\" aria-roledescription=\"slide\" aria-label=\"4 av 7\"><figure class=\"swiper-slide-inner\"><img decoding=\"async\" class=\"swiper-slide-image\" src=\"https:\/\/growplanet.se\/wp-content\/uploads\/2022\/03\/Agravik.jpg\" alt=\"Kopplar l\u00e4randet till den verkliga v\u00e4rlden.\" \/><figcaption class=\"elementor-image-carousel-caption\">Kopplar l\u00e4randet till den verkliga v\u00e4rlden.<\/figcaption><\/figure><\/div><div class=\"swiper-slide\" role=\"group\" aria-roledescription=\"slide\" aria-label=\"5 av 7\"><figure class=\"swiper-slide-inner\"><img decoding=\"async\" class=\"swiper-slide-image\" src=\"https:\/\/growplanet.se\/wp-content\/uploads\/2020\/08\/grow-planet-programming.jpg\" alt=\"Grow Planet: Programmering\" \/><figcaption class=\"elementor-image-carousel-caption\">Stimulerar logiskt t\u00e4nkande, resonemangs- och probleml\u00f6sningsf\u00f6rm\u00e5ga.<\/figcaption><\/figure><\/div><div class=\"swiper-slide\" role=\"group\" aria-roledescription=\"slide\" aria-label=\"6 av 7\"><figure class=\"swiper-slide-inner\"><img decoding=\"async\" class=\"swiper-slide-image\" src=\"https:\/\/growplanet.se\/wp-content\/uploads\/2020\/08\/grow-planet-windmill.jpg\" alt=\"Grow Planet: Vindkraftverk\" \/><figcaption class=\"elementor-image-carousel-caption\">L\u00e4r barnen t\u00e4nka som en ingenj\u00f6r f\u00f6r att l\u00f6sa tekniska problem.<\/figcaption><\/figure><\/div><div class=\"swiper-slide\" role=\"group\" aria-roledescription=\"slide\" aria-label=\"7 av 7\"><figure class=\"swiper-slide-inner\"><img decoding=\"async\" class=\"swiper-slide-image\" src=\"https:\/\/growplanet.se\/wp-content\/uploads\/2023\/01\/voxel.jpg\" alt=\"Fr\u00e4mjar spatialt och kreativt t\u00e4nkande.\" \/><figcaption class=\"elementor-image-carousel-caption\">Fr\u00e4mjar spatialt och kreativt t\u00e4nkande.<\/figcaption><\/figure><\/div>\t\t\t<\/div>\n\t\t\t\t\t\t\t\t\t\t\t\t<div class=\"elementor-swiper-button elementor-swiper-button-prev\" role=\"button\" tabindex=\"0\">\n\t\t\t\t\t\t<i aria-hidden=\"true\" class=\"eicon-chevron-left\"><\/i>\t\t\t\t\t<\/div>\n\t\t\t\t\t<div class=\"elementor-swiper-button elementor-swiper-button-next\" role=\"button\" tabindex=\"0\">\n\t\t\t\t\t\t<i aria-hidden=\"true\" class=\"eicon-chevron-right\"><\/i>\t\t\t\t\t<\/div>\n\t\t\t\t\n\t\t\t\t\t\t\t\t\t<div class=\"swiper-pagination\"><\/div>\n\t\t\t\t\t\t\t\t\t<\/div>\n\t\t\t\t<\/div>\n\t\t\t\t<\/div>\n\t\t\t\t\t<\/div>\n\t\t\t\t<\/div>\n\t\t<div class=\"elementor-element elementor-element-6e51483 e-flex e-con-boxed e-con e-parent\" data-id=\"6e51483\" data-element_type=\"container\" data-settings=\"{&quot;content_width&quot;:&quot;boxed&quot;}\" data-core-v316-plus=\"true\">\n\t\t\t\t\t<div class=\"e-con-inner\">\n\t\t<div class=\"elementor-element elementor-element-ea767dd e-flex e-con-boxed e-con e-child\" data-id=\"ea767dd\" data-element_type=\"container\" data-settings=\"{&quot;content_width&quot;:&quot;boxed&quot;}\">\n\t\t\t\t\t<div class=\"e-con-inner\">\n\t\t\t\t<div class=\"elementor-element elementor-element-1035b9c elementor-widget elementor-widget-heading\" data-id=\"1035b9c\" data-element_type=\"widget\" data-widget_type=\"heading.default\">\n\t\t\t\t<div class=\"elementor-widget-container\">\n\t\t\t<h1 class=\"elementor-heading-title elementor-size-default\">STEAM-utbildning<\/h1>\t\t<\/div>\n\t\t\t\t<\/div>\n\t\t\t\t<div class=\"elementor-element elementor-element-560d306 elementor-widget elementor-widget-text-editor\" data-id=\"560d306\" data-element_type=\"widget\" data-widget_type=\"text-editor.default\">\n\t\t\t\t<div class=\"elementor-widget-container\">\n\t\t\t\t\t\t\t<p style=\"text-align: left;\">STEAM-utbildning \u00e4r ett tillv\u00e4gag\u00e5ngss\u00e4tt f\u00f6r undervisning och l\u00e4rande som kombinerar vetenskap, teknik, konst och matematik f\u00f6r att v\u00e4gleda elevernas fr\u00e5gor, diskussioner och probleml\u00f6sning. Utbildningsexperter s\u00e4ger att STEAM-utbildning handlar om mer \u00e4n att bara utveckla praktiska f\u00e4rdigheter. Det hj\u00e4lper ocks\u00e5 eleverna att utveckla f\u00f6rm\u00e5gan att:<\/p>\n<ul>\n<li style=\"text-align: left;\">Ta genomt\u00e4nkta risker<\/li>\n<li style=\"text-align: left;\">Delta i meningsfulla l\u00e4randeaktiviteter<\/li>\n<li style=\"text-align: left;\">Bli motst\u00e5ndskraftiga probleml\u00f6sare<\/li>\n<li style=\"text-align: left;\">Omfamna och uppskatta samarbete<\/li>\n<li style=\"text-align: left;\">Arbeta igenom den kreativa processen<\/li>\n<\/ul>\n<p style=\"text-align: left;\">Genom STEAM f\u00e5r eleverna m\u00f6jlighet att vara nyfikna elever som s\u00f6ker kreativa l\u00f6sningar p\u00e5 fr\u00e5gor som de inte bara kan s\u00f6ka efter online, vilket leder eleverna att utveckla de mjuka och h\u00e5rda f\u00e4rdigheter som kr\u00e4vs f\u00f6r att lyckas i vidare utbildning och i sina karri\u00e4rer. Det har blivit s\u00e5 popul\u00e4rt att det till och med nu finns en \u00e5rlig nationell STEAM-dag f\u00f6r att uppmuntra elever att bli nyfikna p\u00e5 naturvetenskap, matematik och konstaktiviteter.<\/p>\t\t\t\t\t\t<\/div>\n\t\t\t\t<\/div>\n\t\t\t\t<div class=\"elementor-element elementor-element-3a8e1ff elementor-widget elementor-widget-image\" data-id=\"3a8e1ff\" data-element_type=\"widget\" data-no-translation=\"\" data-widget_type=\"image.default\">\n\t\t\t\t<div class=\"elementor-widget-container\">\n\t\t\t\t\t\t\t\t\t\t\t\t\t\t\t<img loading=\"lazy\" decoding=\"async\" width=\"1191\" height=\"402\" src=\"https:\/\/growplanet.se\/wp-content\/uploads\/2023\/11\/Group-61.png\" class=\"attachment-full size-full wp-image-3386\" alt=\"\" srcset=\"https:\/\/growplanet.se\/wp-content\/uploads\/2023\/11\/Group-61.png 1191w, https:\/\/growplanet.se\/wp-content\/uploads\/2023\/11\/Group-61-300x101.png 300w, https:\/\/growplanet.se\/wp-content\/uploads\/2023\/11\/Group-61-1024x346.png 1024w, https:\/\/growplanet.se\/wp-content\/uploads\/2023\/11\/Group-61-768x259.png 768w, https:\/\/growplanet.se\/wp-content\/uploads\/2023\/11\/Group-61-18x6.png 18w\" sizes=\"(max-width: 1191px) 100vw, 1191px\" \/>\t\t\t\t\t\t\t\t\t\t\t\t\t\t\t<\/div>\n\t\t\t\t<\/div>\n\t\t\t\t<div class=\"elementor-element elementor-element-5d520be elementor-widget elementor-widget-image\" data-id=\"5d520be\" data-element_type=\"widget\" data-no-translation=\"\" data-widget_type=\"image.default\">\n\t\t\t\t<div class=\"elementor-widget-container\">\n\t\t\t<style>.elementor-element-5d520be{display:none !important}<\/style>\t\t<\/div>\n\t\t\t\t<\/div>\n\t\t\t\t\t<\/div>\n\t\t\t\t<\/div>\n\t\t<div class=\"elementor-element elementor-element-10fc8a3 e-flex e-con-boxed e-con e-child\" data-id=\"10fc8a3\" data-element_type=\"container\" data-settings=\"{&quot;content_width&quot;:&quot;boxed&quot;}\">\n\t\t\t\t\t<div class=\"e-con-inner\">\n\t\t\t\t<div class=\"elementor-element elementor-element-59de3ba elementor-widget elementor-widget-heading\" data-id=\"59de3ba\" data-element_type=\"widget\" data-widget_type=\"heading.default\">\n\t\t\t\t<div class=\"elementor-widget-container\">\n\t\t\t<h2 class=\"elementor-heading-title elementor-size-default\">STEAM vs STEM<\/h2>\t\t<\/div>\n\t\t\t\t<\/div>\n\t\t\t\t<div class=\"elementor-element elementor-element-6ca7a02 elementor-widget elementor-widget-text-editor\" data-id=\"6ca7a02\" data-element_type=\"widget\" data-widget_type=\"text-editor.default\">\n\t\t\t\t<div class=\"elementor-widget-container\">\n\t\t\t\t\t\t\t<p style=\"text-align: left;\">\u00c4ven om de liknar varandra \u00e4r STEAM- och STEM-utbildning inte utbytbara termer. Medan STEAM anv\u00e4nder samma koncept som STEM, inneh\u00e5ller STEAM ocks\u00e5 konst och ibland humanistiska l\u00e4ro\u00e4mnen. L\u00e4rare s\u00e4ger dock att det inte g\u00f6r det till en STEAM-lektion att bara l\u00e4gga till konst och hantverk i ett STEM-projekt eller att f\u00e5 projektet att &#8221;se vackert ut&#8221;.<\/p><p style=\"text-align: left;\">Ist\u00e4llet m\u00e5ste konsten integreras i lektionen s\u00e5 att eleverna kan se hur varje relevant disciplin ansluter och fungerar tillsammans. Detta g\u00f6r att eleverna kan utveckla och anv\u00e4nda f\u00e4rdigheter som \u00e4r naturligt inb\u00e4ddade i konst och humanistiska \u00e4mnen, inklusive empati, kreativitet och kommunikation.<\/p><p style=\"text-align: left;\">Faktum \u00e4r att forskning visar att studenter som deltar i kreativa program visar:<\/p><ul><li style=\"text-align: left;\">Avancerat t\u00e4nkande<\/li><li style=\"text-align: left;\">Kunskaper om att hantera stress<\/li><li style=\"text-align: left;\">\u00d6kad sj\u00e4lvk\u00e4nnedom<\/li><li style=\"text-align: left;\">Sociala f\u00e4rdigheter som lagarbete, kommunikation, sj\u00e4lvf\u00f6rtroende, sj\u00e4lvst\u00e4ndighet och motivation<\/li><li style=\"text-align: left;\">F\u00f6rm\u00e5ga att bygga kontakter med sitt samh\u00e4lle<\/li><\/ul><p>Det finns en viss debatt om huruvida konstutbildning ska inkluderas i program som fr\u00e4mjar naturvetenskap, teknik, och matematik. Vissa STEM-anh\u00e4ngare tror att inkludering av konst tar bort fr\u00e5n de andra k\u00e4rn\u00e4mnena. M\u00e5nga STEAM-anh\u00e4ngare anser att konsten inte b\u00f6r f\u00f6rbises och k\u00e4nner att konsten f\u00f6rb\u00e4ttrar den \u00f6vergripande inl\u00e4rningsupplevelsen genom att l\u00e4gga till \u00e4nnu mer kreativitet i mixen.<\/p>\t\t\t\t\t\t<\/div>\n\t\t\t\t<\/div>\n\t\t<div class=\"elementor-element elementor-element-9d12ed9 e-flex e-con-boxed e-con e-child\" data-id=\"9d12ed9\" data-element_type=\"container\" data-settings=\"{&quot;content_width&quot;:&quot;boxed&quot;}\">\n\t\t\t\t\t<div class=\"e-con-inner\">\n\t\t\t\t<div class=\"elementor-element elementor-element-30b3cec elementor-widget elementor-widget-image\" data-id=\"30b3cec\" data-element_type=\"widget\" data-widget_type=\"image.default\">\n\t\t\t\t<div class=\"elementor-widget-container\">\n\t\t\t\t\t\t\t\t\t\t\t\t\t\t\t<img decoding=\"async\" src=\"https:\/\/growplanet.se\/wp-content\/uploads\/elementor\/thumbs\/GrowPlanetImage5-qf5doq4wc6z0a8y0gur32xkna5mviyeyx1cmz3129k.png\" title=\"GrowPlanetImage5\" alt=\"GrowPlanetImage5\" loading=\"lazy\" \/>\t\t\t\t\t\t\t\t\t\t\t\t\t\t\t<\/div>\n\t\t\t\t<\/div>\n\t\t\t\t<div class=\"elementor-element elementor-element-b8d8540 elementor-widget elementor-widget-image\" data-id=\"b8d8540\" data-element_type=\"widget\" data-widget_type=\"image.default\">\n\t\t\t\t<div class=\"elementor-widget-container\">\n\t\t\t\t\t\t\t\t\t\t\t\t\t\t\t<img decoding=\"async\" src=\"https:\/\/growplanet.se\/wp-content\/uploads\/elementor\/thumbs\/GrowPlanetImage6-qf5doo97yiwfn10qrtxtxy1q3dw53k7i8s1o0j3um0.png\" title=\"GrowPlanetImage6\" alt=\"GrowPlanetImage6\" loading=\"lazy\" \/>\t\t\t\t\t\t\t\t\t\t\t\t\t\t\t<\/div>\n\t\t\t\t<\/div>\n\t\t\t\t\t<\/div>\n\t\t\t\t<\/div>\n\t\t\t\t\t<\/div>\n\t\t\t\t<\/div>\n\t\t<div class=\"elementor-element elementor-element-1343019 e-flex e-con-boxed e-con e-child\" data-id=\"1343019\" data-element_type=\"container\" data-settings=\"{&quot;content_width&quot;:&quot;boxed&quot;}\">\n\t\t\t\t\t<div class=\"e-con-inner\">\n\t\t\t\t<div class=\"elementor-element elementor-element-1b2c739 elementor-widget elementor-widget-heading\" data-id=\"1b2c739\" data-element_type=\"widget\" data-widget_type=\"heading.default\">\n\t\t\t\t<div class=\"elementor-widget-container\">\n\t\t\t<h2 class=\"elementor-heading-title elementor-size-default\">Betydelse<\/h2>\t\t<\/div>\n\t\t\t\t<\/div>\n\t\t\t\t<div class=\"elementor-element elementor-element-51b11fc elementor-widget elementor-widget-text-editor\" data-id=\"51b11fc\" data-element_type=\"widget\" data-widget_type=\"text-editor.default\">\n\t\t\t\t<div class=\"elementor-widget-container\">\n\t\t\t\t\t\t\t<p style=\"text-align: left;\">En stor del av utbildningssystemets funktion \u00e4r att f\u00f6rbereda eleverna f\u00f6r framtidens arbetskraft.<\/p><p style=\"text-align: left;\">Det \u00e4r d\u00e4rf\u00f6r STEAM-utbildning \u00e4r s\u00e5 viktig. Eleverna utforskar genom nyfikenhet, lek och praktiskt l\u00e4rande. Och vem vet? Det de hittar kan leda till n\u00e4sta framv\u00e4xande STEAM-karri\u00e4r. Den utmanande delen \u00e4r att m\u00e5nga STEAM-karri\u00e4rer alltid utvecklas, och \u00e4ven om vi inte kan f\u00f6ruts\u00e4ga framtiden f\u00f6r jobb, kan vi hj\u00e4lpa till att f\u00f6rbereda eleverna med de kunskaper och f\u00e4rdigheter de beh\u00f6ver f\u00f6r att lyckas med dessa jobb.<\/p><p style=\"text-align: left;\">Hela po\u00e4ngen med STEAM \u00e4r att inspirera till unders\u00f6kning och nyfikenhet; att ge eleverna m\u00f6jlighet att st\u00e4lla tankev\u00e4ckande fr\u00e5gor som fr\u00e4mjar kreativitet och utforskning, och att koppla deras probleml\u00f6sning till verkliga l\u00f6sningar. Med STEAM \u00e4r inget \u00e4mne och ingen student utesluten.<\/p><p style=\"text-align: left;\">Och n\u00e4r det g\u00f6rs p\u00e5 r\u00e4tt s\u00e4tt har forskning visat vilken inverkan STEAM kan ha p\u00e5 elevernas framg\u00e5ng, fr\u00e5n \u00f6kad naturvetenskap till \u00f6kad l\u00e4skunnighet och matematikkunskaper.<\/p>\t\t\t\t\t\t<\/div>\n\t\t\t\t<\/div>\n\t\t\t\t\t<\/div>\n\t\t\t\t<\/div>\n\t\t\t\t\t<\/div>\n\t\t\t\t<\/div>\n\t\t\t\t\t\t\t<\/div>\n\t\t","protected":false},"excerpt":{"rendered":"<p>G\u00f6r vetenskap och teknik sp\u00e4nnande, relevant och begripligt. Engagerar barnen i problembaserat och aktivt l\u00e4rande. Visar hur vetenskap, teknik och kreativitet kan f\u00f6r\u00e4ndra v\u00e4rlden till det b\u00e4ttre. Kopplar l\u00e4randet till den verkliga v\u00e4rlden. Stimulerar logiskt t\u00e4nkande, resonemangs- och probleml\u00f6sningsf\u00f6rm\u00e5ga. L\u00e4r barnen t\u00e4nka som en ingenj\u00f6r f\u00f6r att l\u00f6sa tekniska problem. Fr\u00e4mjar spatialt och kreativt t\u00e4nkande.&hellip;&nbsp;<a href=\"https:\/\/growplanet.se\/sv\/steam\/\" class=\"\" rel=\"bookmark\">L\u00e4s mer &raquo;<span class=\"screen-reader-text\">STEAM-utbildning<\/span><\/a><\/p>\n","protected":false},"author":1,"featured_media":0,"parent":0,"menu_order":0,"comment_status":"closed","ping_status":"closed","template":"elementor_header_footer","meta":{"neve_meta_sidebar":"full-width","neve_meta_container":"","neve_meta_enable_content_width":"on","neve_meta_content_width":100,"neve_meta_title_alignment":"","neve_meta_author_avatar":"","neve_post_elements_order":"","neve_meta_disable_header":"","neve_meta_disable_footer":"","neve_meta_disable_title":"","footnotes":""},"yoast_head":"<!-- This site is optimized with the Yoast SEO plugin v21.5 - https:\/\/yoast.com\/wordpress\/plugins\/seo\/ -->\n<title>STEAM-utbildning | Grow Planet<\/title>\n<meta name=\"robots\" content=\"index, follow, max-snippet:-1, max-image-preview:large, max-video-preview:-1\" \/>\n<link rel=\"canonical\" href=\"https:\/\/growplanet.se\/sv\/steam\/\" \/>\n<meta property=\"og:locale\" content=\"sv_SE\" \/>\n<meta property=\"og:type\" content=\"article\" \/>\n<meta property=\"og:title\" content=\"STEAM-utbildning | Grow Planet\" \/>\n<meta property=\"og:description\" content=\"G\u00f6r vetenskap och teknik sp\u00e4nnande, relevant och begripligt. Engagerar barnen i problembaserat och aktivt l\u00e4rande. Visar hur vetenskap, teknik och kreativitet kan f\u00f6r\u00e4ndra v\u00e4rlden till det b\u00e4ttre. Kopplar l\u00e4randet till den verkliga v\u00e4rlden. Stimulerar logiskt t\u00e4nkande, resonemangs- och probleml\u00f6sningsf\u00f6rm\u00e5ga. L\u00e4r barnen t\u00e4nka som en ingenj\u00f6r f\u00f6r att l\u00f6sa tekniska problem. Fr\u00e4mjar spatialt och kreativt t\u00e4nkande.&hellip;&nbsp;L\u00e4s mer &raquo;STEAM-utbildning\" \/>\n<meta property=\"og:url\" content=\"https:\/\/growplanet.se\/sv\/steam\/\" \/>\n<meta property=\"og:site_name\" content=\"Grow Planet\" \/>\n<meta property=\"article:publisher\" content=\"https:\/\/www.facebook.com\/GrowPlanetEducation\" \/>\n<meta property=\"article:modified_time\" content=\"2023-11-23T09:21:41+00:00\" \/>\n<meta property=\"og:image\" content=\"https:\/\/growplanet.se\/wp-content\/uploads\/2022\/03\/water-valley.jpg\" \/>\n<meta name=\"twitter:card\" content=\"summary_large_image\" \/>\n<meta name=\"twitter:site\" content=\"@GrowPlanetEdu\" \/>\n<meta name=\"twitter:label1\" content=\"Ber\u00e4knad l\u00e4stid\" \/>\n\t<meta name=\"twitter:data1\" content=\"6 minuter\" \/>\n<script type=\"application\/ld+json\" class=\"yoast-schema-graph\">{\"@context\":\"https:\/\/schema.org\",\"@graph\":[{\"@type\":\"WebPage\",\"@id\":\"https:\/\/growplanet.se\/steam\/\",\"url\":\"https:\/\/growplanet.se\/steam\/\",\"name\":\"STEAM-utbildning | Grow Planet\",\"isPartOf\":{\"@id\":\"https:\/\/growplanet.se\/#website\"},\"datePublished\":\"2023-09-25T15:38:07+00:00\",\"dateModified\":\"2023-11-23T09:21:41+00:00\",\"breadcrumb\":{\"@id\":\"https:\/\/growplanet.se\/steam\/#breadcrumb\"},\"inLanguage\":\"sv-SE\",\"potentialAction\":[{\"@type\":\"ReadAction\",\"target\":[\"https:\/\/growplanet.se\/steam\/\"]}]},{\"@type\":\"BreadcrumbList\",\"@id\":\"https:\/\/growplanet.se\/steam\/#breadcrumb\",\"itemListElement\":[{\"@type\":\"ListItem\",\"position\":1,\"name\":\"Home\",\"item\":\"https:\/\/growplanet.se\/sv\/\"},{\"@type\":\"ListItem\",\"position\":2,\"name\":\"STEAM-utbildning\"}]},{\"@type\":\"WebSite\",\"@id\":\"https:\/\/growplanet.se\/#website\",\"url\":\"https:\/\/growplanet.se\/\",\"name\":\"Grow Planet\",\"description\":\"\",\"publisher\":{\"@id\":\"https:\/\/growplanet.se\/#organization\"},\"potentialAction\":[{\"@type\":\"SearchAction\",\"target\":{\"@type\":\"EntryPoint\",\"urlTemplate\":\"https:\/\/growplanet.se\/?s={search_term_string}\"},\"query-input\":\"required name=search_term_string\"}],\"inLanguage\":\"sv-SE\"},{\"@type\":\"Organization\",\"@id\":\"https:\/\/growplanet.se\/#organization\",\"name\":\"Gro Play\",\"url\":\"https:\/\/growplanet.se\/\",\"logo\":{\"@type\":\"ImageObject\",\"inLanguage\":\"sv-SE\",\"@id\":\"https:\/\/growplanet.se\/#\/schema\/logo\/image\/\",\"url\":\"https:\/\/growplanet.se\/wp-content\/uploads\/2020\/08\/growplanet_logo_square.png\",\"contentUrl\":\"https:\/\/growplanet.se\/wp-content\/uploads\/2020\/08\/growplanet_logo_square.png\",\"width\":250,\"height\":250,\"caption\":\"Gro Play\"},\"image\":{\"@id\":\"https:\/\/growplanet.se\/#\/schema\/logo\/image\/\"},\"sameAs\":[\"https:\/\/www.facebook.com\/GrowPlanetEducation\",\"https:\/\/twitter.com\/GrowPlanetEdu\"]}]}<\/script>\n<!-- \/ Yoast SEO plugin. -->","yoast_head_json":{"title":"STEAM-utbildning | Grow Planet","robots":{"index":"index","follow":"follow","max-snippet":"max-snippet:-1","max-image-preview":"max-image-preview:large","max-video-preview":"max-video-preview:-1"},"canonical":"https:\/\/growplanet.se\/sv\/steam\/","og_locale":"sv_SE","og_type":"article","og_title":"STEAM-utbildning | Grow Planet","og_description":"G\u00f6r vetenskap och teknik sp\u00e4nnande, relevant och begripligt. Engagerar barnen i problembaserat och aktivt l\u00e4rande. Visar hur vetenskap, teknik och kreativitet kan f\u00f6r\u00e4ndra v\u00e4rlden till det b\u00e4ttre. Kopplar l\u00e4randet till den verkliga v\u00e4rlden. Stimulerar logiskt t\u00e4nkande, resonemangs- och probleml\u00f6sningsf\u00f6rm\u00e5ga. L\u00e4r barnen t\u00e4nka som en ingenj\u00f6r f\u00f6r att l\u00f6sa tekniska problem. Fr\u00e4mjar spatialt och kreativt t\u00e4nkande.&hellip;&nbsp;L\u00e4s mer &raquo;STEAM-utbildning","og_url":"https:\/\/growplanet.se\/sv\/steam\/","og_site_name":"Grow Planet","article_publisher":"https:\/\/www.facebook.com\/GrowPlanetEducation","article_modified_time":"2023-11-23T09:21:41+00:00","og_image":[{"url":"https:\/\/growplanet.se\/wp-content\/uploads\/2022\/03\/water-valley.jpg"}],"twitter_card":"summary_large_image","twitter_site":"@GrowPlanetEdu","twitter_misc":{"Ber\u00e4knad l\u00e4stid":"6 minuter"},"schema":{"@context":"https:\/\/schema.org","@graph":[{"@type":"WebPage","@id":"https:\/\/growplanet.se\/steam\/","url":"https:\/\/growplanet.se\/steam\/","name":"STEAM-utbildning | Grow Planet","isPartOf":{"@id":"https:\/\/growplanet.se\/#website"},"datePublished":"2023-09-25T15:38:07+00:00","dateModified":"2023-11-23T09:21:41+00:00","breadcrumb":{"@id":"https:\/\/growplanet.se\/steam\/#breadcrumb"},"inLanguage":"sv-SE","potentialAction":[{"@type":"ReadAction","target":["https:\/\/growplanet.se\/steam\/"]}]},{"@type":"BreadcrumbList","@id":"https:\/\/growplanet.se\/steam\/#breadcrumb","itemListElement":[{"@type":"ListItem","position":1,"name":"Home","item":"https:\/\/growplanet.se\/sv\/"},{"@type":"ListItem","position":2,"name":"STEAM-utbildning"}]},{"@type":"WebSite","@id":"https:\/\/growplanet.se\/#website","url":"https:\/\/growplanet.se\/","name":"Grow Planet","description":"","publisher":{"@id":"https:\/\/growplanet.se\/#organization"},"potentialAction":[{"@type":"SearchAction","target":{"@type":"EntryPoint","urlTemplate":"https:\/\/growplanet.se\/?s={search_term_string}"},"query-input":"required name=search_term_string"}],"inLanguage":"sv-SE"},{"@type":"Organization","@id":"https:\/\/growplanet.se\/#organization","name":"Gro Play","url":"https:\/\/growplanet.se\/","logo":{"@type":"ImageObject","inLanguage":"sv-SE","@id":"https:\/\/growplanet.se\/#\/schema\/logo\/image\/","url":"https:\/\/growplanet.se\/wp-content\/uploads\/2020\/08\/growplanet_logo_square.png","contentUrl":"https:\/\/growplanet.se\/wp-content\/uploads\/2020\/08\/growplanet_logo_square.png","width":250,"height":250,"caption":"Gro Play"},"image":{"@id":"https:\/\/growplanet.se\/#\/schema\/logo\/image\/"},"sameAs":["https:\/\/www.facebook.com\/GrowPlanetEducation","https:\/\/twitter.com\/GrowPlanetEdu"]}]}},"_links":{"self":[{"href":"https:\/\/growplanet.se\/sv\/wp-json\/wp\/v2\/pages\/2637"}],"collection":[{"href":"https:\/\/growplanet.se\/sv\/wp-json\/wp\/v2\/pages"}],"about":[{"href":"https:\/\/growplanet.se\/sv\/wp-json\/wp\/v2\/types\/page"}],"author":[{"embeddable":true,"href":"https:\/\/growplanet.se\/sv\/wp-json\/wp\/v2\/users\/1"}],"replies":[{"embeddable":true,"href":"https:\/\/growplanet.se\/sv\/wp-json\/wp\/v2\/comments?post=2637"}],"version-history":[{"count":61,"href":"https:\/\/growplanet.se\/sv\/wp-json\/wp\/v2\/pages\/2637\/revisions"}],"predecessor-version":[{"id":3411,"href":"https:\/\/growplanet.se\/sv\/wp-json\/wp\/v2\/pages\/2637\/revisions\/3411"}],"wp:attachment":[{"href":"https:\/\/growplanet.se\/sv\/wp-json\/wp\/v2\/media?parent=2637"}],"curies":[{"name":"wp","href":"https:\/\/api.w.org\/{rel}","templated":true}]}}